{"id":182,"date":"2020-02-08T23:04:58","date_gmt":"2020-02-08T23:04:58","guid":{"rendered":"https:\/\/enixton.com\/articulosnuevosyusados\/?page_id=182"},"modified":"2020-02-10T16:50:39","modified_gmt":"2020-02-10T16:50:39","slug":"preguntas-frecuentes","status":"publish","type":"page","link":"https:\/\/enixton.com\/articulosnuevosyusados\/preguntas-frecuentes\/","title":{"rendered":"Preguntas frecuentes"},"content":{"rendered":"\t\t<div data-elementor-type=\"wp-page\" data-elementor-id=\"182\" class=\"elementor elementor-182\">\n\t\t\t\t\t\t<section class=\"elementor-section elementor-top-section elementor-element elementor-element-9745501 elementor-section-boxed elementor-section-height-default elementor-section-height-default\" data-id=\"9745501\" data-element_type=\"section\" data-e-type=\"section\">\n\t\t\t\t\t\t<div class=\"elementor-container elementor-column-gap-default\">\n\t\t\t\t\t<div class=\"elementor-column elementor-col-100 elementor-top-column elementor-element elementor-element-27f7019\" data-id=\"27f7019\" data-element_type=\"column\" data-e-type=\"column\">\n\t\t\t<div class=\"elementor-widget-wrap elementor-element-populated\">\n\t\t\t\t\t\t<div class=\"elementor-element elementor-element-81dc704 elementor-widget elementor-widget-heading\" data-id=\"81dc704\" data-element_type=\"widget\" data-e-type=\"widget\" data-widget_type=\"heading.default\">\n\t\t\t\t<div class=\"elementor-widget-container\">\n\t\t\t\t\t<h2 class=\"elementor-heading-title elementor-size-xl\">Preguntas frecuentes<\/h2>\t\t\t\t<\/div>\n\t\t\t\t<\/div>\n\t\t\t\t<div class=\"elementor-element elementor-element-737e5e1 elementor-widget elementor-widget-eael-adv-accordion\" data-id=\"737e5e1\" data-element_type=\"widget\" data-e-type=\"widget\" data-widget_type=\"eael-adv-accordion.default\">\n\t\t\t\t<div class=\"elementor-widget-container\">\n\t\t\t\t\t            <div class=\"eael-adv-accordion\" id=\"eael-adv-accordion-737e5e1\" data-scroll-on-click=\"no\" data-scroll-speed=\"300\" data-accordion-id=\"737e5e1\" data-accordion-type=\"accordion\" data-toogle-speed=\"300\">\n            <div class=\"eael-accordion-list\">\n\t\t\t\t\t<div id=\"con-qu-paquetera-trabajan\" class=\"elementor-tab-title eael-accordion-header\" tabindex=\"0\" data-tab=\"1\" aria-controls=\"elementor-tab-content-1211\"><span class=\"eael-advanced-accordion-icon-closed\"><i aria-hidden=\"true\" class=\"fa-accordion-icon far fa-arrow-alt-circle-right\"><\/i><\/span><span class=\"eael-advanced-accordion-icon-opened\"><i aria-hidden=\"true\" class=\"fa-accordion-icon fas fa-minus\"><\/i><\/span><span class=\"eael-accordion-tab-title\">\u00bfCon qu\u00e9 paqueter\u00eda trabajan?<\/span><i aria-hidden=\"true\" class=\"fa-toggle fas fa-angle-right\"><\/i><\/div><div id=\"elementor-tab-content-1211\" class=\"eael-accordion-content clearfix\" data-tab=\"1\" aria-labelledby=\"con-qu-paquetera-trabajan\"><p>Trabajamos con las mejores empresas de paqueter\u00eda de M\u00e9xico. Como paqueter\u00eda base manejamos env\u00edos en\u00a0<strong>FedEx,\u00a0<\/strong>aunque tu pedido tambi\u00e9n podr\u00eda llegar por\u00a0\u00a0<strong>RedPack, DHL y Estafeta.\u00a0<\/strong>Todas son empresas son seguras y confiables, trabajamos con varias porque hay opciones m\u00e1s r\u00e1pidas que otras en algunos destinos o tienen cobertura m\u00e1s amplia que nuestra opci\u00f3n base.<\/p><\/div>\n\t\t\t\t\t<\/div><div class=\"eael-accordion-list\">\n\t\t\t\t\t<div id=\"cundo-saldr-en-camino-mi-pedido\" class=\"elementor-tab-title eael-accordion-header\" tabindex=\"0\" data-tab=\"2\" aria-controls=\"elementor-tab-content-1212\"><span class=\"eael-advanced-accordion-icon-closed\"><i aria-hidden=\"true\" class=\"fa-accordion-icon far fa-arrow-alt-circle-right\"><\/i><\/span><span class=\"eael-advanced-accordion-icon-opened\"><i aria-hidden=\"true\" class=\"fa-accordion-icon fas fa-minus\"><\/i><\/span><span class=\"eael-accordion-tab-title\">\u00bfCu\u00e1ndo saldr\u00e1 en camino mi pedido?<\/span><i aria-hidden=\"true\" class=\"fa-toggle fas fa-angle-right\"><\/i><\/div><div id=\"elementor-tab-content-1212\" class=\"eael-accordion-content clearfix\" data-tab=\"2\" aria-labelledby=\"cundo-saldr-en-camino-mi-pedido\"><p>Tu pedido se confirma y la aprobaci\u00f3n puede tomar de 1 a 2 d\u00edas h\u00e1biles.<\/p><\/div>\n\t\t\t\t\t<\/div><div class=\"eael-accordion-list\">\n\t\t\t\t\t<div id=\"cunto-tarda-en-llegar-mi-pedido\" class=\"elementor-tab-title eael-accordion-header\" tabindex=\"0\" data-tab=\"3\" aria-controls=\"elementor-tab-content-1213\"><span class=\"eael-advanced-accordion-icon-closed\"><i aria-hidden=\"true\" class=\"fa-accordion-icon far fa-arrow-alt-circle-right\"><\/i><\/span><span class=\"eael-advanced-accordion-icon-opened\"><i aria-hidden=\"true\" class=\"fa-accordion-icon fas fa-minus\"><\/i><\/span><span class=\"eael-accordion-tab-title\">\u00bfCu\u00e1nto tarda en llegar mi pedido?<\/span><i aria-hidden=\"true\" class=\"fa-toggle fas fa-angle-right\"><\/i><\/div><div id=\"elementor-tab-content-1213\" class=\"eael-accordion-content clearfix\" data-tab=\"3\" aria-labelledby=\"cunto-tarda-en-llegar-mi-pedido\"><p>El tiempo de env\u00edo estimado es de\u00a0<strong>3 a 5 d\u00edas h\u00e1biles a partir que est\u00e1 en la mensajeria.<\/strong><\/p><\/div>\n\t\t\t\t\t<\/div><div class=\"eael-accordion-list\">\n\t\t\t\t\t<div id=\"a-dnde-puedo-mandar-mi-pedido\" class=\"elementor-tab-title eael-accordion-header\" tabindex=\"0\" data-tab=\"4\" aria-controls=\"elementor-tab-content-1214\"><span class=\"eael-advanced-accordion-icon-closed\"><i aria-hidden=\"true\" class=\"fa-accordion-icon far fa-arrow-alt-circle-right\"><\/i><\/span><span class=\"eael-advanced-accordion-icon-opened\"><i aria-hidden=\"true\" class=\"fa-accordion-icon fas fa-minus\"><\/i><\/span><span class=\"eael-accordion-tab-title\">\u00bfA d\u00f3nde puedo mandar mi pedido?<\/span><i aria-hidden=\"true\" class=\"fa-toggle fas fa-angle-right\"><\/i><\/div><div id=\"elementor-tab-content-1214\" class=\"eael-accordion-content clearfix\" data-tab=\"4\" aria-labelledby=\"a-dnde-puedo-mandar-mi-pedido\"><p>Al momento de tu compra \u00a0puedes agregar la direcci\u00f3n de env\u00edo por whats app en donde querr\u00e1s que llegue tu paquete; pero si requieres que tu env\u00edo llegue a\u00a0<strong>ocurre<\/strong> (la oficina de paqueter\u00eda) \u00a0te enviemos por correo tu n\u00famero de rastreo de paquete, pues depende totalmente de la log\u00edsitica de la misma.<\/p><\/div>\n\t\t\t\t\t<\/div><div class=\"eael-accordion-list\">\n\t\t\t\t\t<div id=\"cmo-puedo-rastrear-mi-pedido\" class=\"elementor-tab-title eael-accordion-header\" tabindex=\"0\" data-tab=\"5\" aria-controls=\"elementor-tab-content-1215\"><span class=\"eael-advanced-accordion-icon-closed\"><i aria-hidden=\"true\" class=\"fa-accordion-icon far fa-arrow-alt-circle-right\"><\/i><\/span><span class=\"eael-advanced-accordion-icon-opened\"><i aria-hidden=\"true\" class=\"fa-accordion-icon fas fa-minus\"><\/i><\/span><span class=\"eael-accordion-tab-title\">\u00bfC\u00f3mo puedo rastrear mi pedido?<\/span><i aria-hidden=\"true\" class=\"fa-toggle fas fa-angle-right\"><\/i><\/div><div id=\"elementor-tab-content-1215\" class=\"eael-accordion-content clearfix\" data-tab=\"5\" aria-labelledby=\"cmo-puedo-rastrear-mi-pedido\"><p>Desde el momento en que realizas tu compra te enviamos un correo de confirmaci\u00f3n de la misma; de igual forma en cuanto tu pedido sale en camino te enviamos otro correo con el n\u00famero de gu\u00eda de tu env\u00edo, con este n\u00famero podr\u00e1s rastrear en todo momento tu paquete en la p\u00e1gina del proveedor de mensajer\u00eda.<\/p><\/div>\n\t\t\t\t\t<\/div><div class=\"eael-accordion-list\">\n\t\t\t\t\t<div id=\"qu-pasa-si-no-estoy-en-casa-cuando-entreguen\" class=\"elementor-tab-title eael-accordion-header\" tabindex=\"0\" data-tab=\"6\" aria-controls=\"elementor-tab-content-1216\"><span class=\"eael-advanced-accordion-icon-closed\"><i aria-hidden=\"true\" class=\"fa-accordion-icon far fa-arrow-alt-circle-right\"><\/i><\/span><span class=\"eael-advanced-accordion-icon-opened\"><i aria-hidden=\"true\" class=\"fa-accordion-icon fas fa-minus\"><\/i><\/span><span class=\"eael-accordion-tab-title\">\u00bfQu\u00e9 pasa si no estoy en casa cuando entreguen?<\/span><i aria-hidden=\"true\" class=\"fa-toggle fas fa-angle-right\"><\/i><\/div><div id=\"elementor-tab-content-1216\" class=\"eael-accordion-content clearfix\" data-tab=\"6\" aria-labelledby=\"qu-pasa-si-no-estoy-en-casa-cuando-entreguen\"><p>No es necesario que te encuentres en tu casa u oficina para recibir el paquete, mientras se encuentre una persona mayor de edad con identificaci\u00f3n que pueda firmar de recibido.<\/p><p>Si en tu domicilio de entrega no se encuentra nadie al momento de la entrega el repartidor dejar\u00e1 un sello indicando que ha hecho un primer intento de entrega. Todos los paquetes que enviamos incluyen 3 intentos de entrega; al darse 3 intentos no exitosos el paquete se quedar\u00e1 en ocurre, donde podr\u00e1s recogerlo durante unos d\u00edas o de lo contrario ser\u00e1 devuelto.<\/p><\/div>\n\t\t\t\t\t<\/div><\/div>\t\t\t\t<\/div>\n\t\t\t\t<\/div>\n\t\t\t\t<section class=\"elementor-section elementor-inner-section elementor-element elementor-element-e70a002 elementor-section-boxed elementor-section-height-default elementor-section-height-default\" data-id=\"e70a002\" data-element_type=\"section\" data-e-type=\"section\">\n\t\t\t\t\t\t<div class=\"elementor-container elementor-column-gap-default\">\n\t\t\t\t\t<div class=\"elementor-column elementor-col-50 elementor-inner-column elementor-element elementor-element-f87946c\" data-id=\"f87946c\" data-element_type=\"column\" data-e-type=\"column\">\n\t\t\t<div class=\"elementor-widget-wrap elementor-element-populated\">\n\t\t\t\t\t\t<div class=\"elementor-element elementor-element-2f87852 pf elementor-widget elementor-widget-text-editor\" data-id=\"2f87852\" data-element_type=\"widget\" data-e-type=\"widget\" data-widget_type=\"text-editor.default\">\n\t\t\t\t<div class=\"elementor-widget-container\">\n\t\t\t\t\t\t\t\t\t<p>\u00bfNo encontraste la respuesta a tu pregunta?<\/p>\t\t\t\t\t\t\t\t<\/div>\n\t\t\t\t<\/div>\n\t\t\t\t\t<\/div>\n\t\t<\/div>\n\t\t\t\t<div class=\"elementor-column elementor-col-50 elementor-inner-column elementor-element elementor-element-e85f952\" data-id=\"e85f952\" data-element_type=\"column\" data-e-type=\"column\">\n\t\t\t<div class=\"elementor-widget-wrap elementor-element-populated\">\n\t\t\t\t\t\t<div class=\"elementor-element elementor-element-8d274a9 elementor-align-left elementor-mobile-align-center elementor-widget elementor-widget-button\" data-id=\"8d274a9\" data-element_type=\"widget\" data-e-type=\"widget\" data-widget_type=\"button.default\">\n\t\t\t\t<div class=\"elementor-widget-container\">\n\t\t\t\t\t\t\t\t\t<div class=\"elementor-button-wrapper\">\n\t\t\t\t\t<a class=\"elementor-button elementor-button-link elementor-size-sm\" href=\"https:\/\/enixton.com\/articulosnuevosyusados\/contacto-2\/\">\n\t\t\t\t\t\t<span class=\"elementor-button-content-wrapper\">\n\t\t\t\t\t\t\t\t\t<span class=\"elementor-button-text\">Cont\u00e1ctanos<\/span>\n\t\t\t\t\t<\/span>\n\t\t\t\t\t<\/a>\n\t\t\t\t<\/div>\n\t\t\t\t\t\t\t\t<\/div>\n\t\t\t\t<\/div>\n\t\t\t\t\t<\/div>\n\t\t<\/div>\n\t\t\t\t\t<\/div>\n\t\t<\/section>\n\t\t\t\t\t<\/div>\n\t\t<\/div>\n\t\t\t\t\t<\/div>\n\t\t<\/section>\n\t\t\t\t<\/div>\n\t\t","protected":false},"excerpt":{"rendered":"<p>Preguntas frecuentes \u00bfCon qu\u00e9 paqueter\u00eda trabajan? Trabajamos con las mejores empresas de paqueter\u00eda de M\u00e9xico. Como paqueter\u00eda base manejamos env\u00edos en\u00a0FedEx,\u00a0aunque tu pedido tambi\u00e9n podr\u00eda llegar por\u00a0\u00a0RedPack, DHL y Estafeta.\u00a0Todas son empresas son seguras y confiables, trabajamos con varias porque hay opciones m\u00e1s r\u00e1pidas que otras en algunos destinos o tienen cobertura m\u00e1s amplia que &#8230; <a title=\"Preguntas frecuentes\" class=\"read-more\" href=\"https:\/\/enixton.com\/articulosnuevosyusados\/preguntas-frecuentes\/\" aria-label=\"More on Preguntas frecuentes\">Read more<\/a><\/p>\n","protected":false},"author":1,"featured_media":0,"parent":0,"menu_order":0,"comment_status":"closed","ping_status":"closed","template":"elementor_header_footer","meta":{"footnotes":""},"class_list":["post-182","page","type-page","status-publish"],"_links":{"self":[{"href":"https:\/\/enixton.com\/articulosnuevosyusados\/wp-json\/wp\/v2\/pages\/182","targetHints":{"allow":["GET"]}}],"collection":[{"href":"https:\/\/enixton.com\/articulosnuevosyusados\/wp-json\/wp\/v2\/pages"}],"about":[{"href":"https:\/\/enixton.com\/articulosnuevosyusados\/wp-json\/wp\/v2\/types\/page"}],"author":[{"embeddable":true,"href":"https:\/\/enixton.com\/articulosnuevosyusados\/wp-json\/wp\/v2\/users\/1"}],"replies":[{"embeddable":true,"href":"https:\/\/enixton.com\/articulosnuevosyusados\/wp-json\/wp\/v2\/comments?post=182"}],"version-history":[{"count":9,"href":"https:\/\/enixton.com\/articulosnuevosyusados\/wp-json\/wp\/v2\/pages\/182\/revisions"}],"predecessor-version":[{"id":308,"href":"https:\/\/enixton.com\/articulosnuevosyusados\/wp-json\/wp\/v2\/pages\/182\/revisions\/308"}],"wp:attachment":[{"href":"https:\/\/enixton.com\/articulosnuevosyusados\/wp-json\/wp\/v2\/media?parent=182"}],"curies":[{"name":"wp","href":"https:\/\/api.w.org\/{rel}","templated":true}]}}