{"id":251,"date":"2020-02-09T03:42:54","date_gmt":"2020-02-09T03:42:54","guid":{"rendered":"https:\/\/enixton.com\/articulosnuevosyusados\/?page_id=251"},"modified":"2020-02-26T19:28:51","modified_gmt":"2020-02-26T19:28:51","slug":"como-comprar-2","status":"publish","type":"page","link":"https:\/\/enixton.com\/articulosnuevosyusados\/como-comprar-2\/","title":{"rendered":"\u00bfC\u00f3mo comprar?"},"content":{"rendered":"\t\t<div data-elementor-type=\"wp-page\" data-elementor-id=\"251\" class=\"elementor elementor-251\">\n\t\t\t\t\t\t<section class=\"elementor-section elementor-top-section elementor-element elementor-element-9745501 elementor-section-boxed elementor-section-height-default elementor-section-height-default\" data-id=\"9745501\" data-element_type=\"section\" data-e-type=\"section\">\n\t\t\t\t\t\t<div class=\"elementor-container elementor-column-gap-default\">\n\t\t\t\t\t<div class=\"elementor-column elementor-col-100 elementor-top-column elementor-element elementor-element-27f7019\" data-id=\"27f7019\" data-element_type=\"column\" data-e-type=\"column\">\n\t\t\t<div class=\"elementor-widget-wrap elementor-element-populated\">\n\t\t\t\t\t\t<div class=\"elementor-element elementor-element-81dc704 elementor-widget elementor-widget-heading\" data-id=\"81dc704\" data-element_type=\"widget\" data-e-type=\"widget\" data-widget_type=\"heading.default\">\n\t\t\t\t<div class=\"elementor-widget-container\">\n\t\t\t\t\t<h2 class=\"elementor-heading-title elementor-size-xl\">\u00bfC\u00f3mo comprar?<\/h2>\t\t\t\t<\/div>\n\t\t\t\t<\/div>\n\t\t\t\t<div class=\"elementor-element elementor-element-503eb09 elementor-widget elementor-widget-text-editor\" data-id=\"503eb09\" data-element_type=\"widget\" data-e-type=\"widget\" data-widget_type=\"text-editor.default\">\n\t\t\t\t<div class=\"elementor-widget-container\">\n\t\t\t\t\t\t\t\t\t<p>Comprar con nosotros en \u00a1muy f\u00e1cil!, sigue los siguientes pasos:<\/p>\t\t\t\t\t\t\t\t<\/div>\n\t\t\t\t<\/div>\n\t\t\t\t<div class=\"elementor-element elementor-element-c291c1c elementor-widget elementor-widget-image\" data-id=\"c291c1c\" data-element_type=\"widget\" data-e-type=\"widget\" data-widget_type=\"image.default\">\n\t\t\t\t<div class=\"elementor-widget-container\">\n\t\t\t\t\t\t\t\t\t\t\t\t\t\t\t<img decoding=\"async\" src=\"https:\/\/enixton.com\/articulosnuevosyusados\/wp-content\/uploads\/elementor\/thumbs\/c\u00f3mo-comprar-okw20h0x816nok1byui7h4hdcdtuqfehf9bw0dpw50.png\" title=\"\" alt=\"\" loading=\"lazy\" \/>\t\t\t\t\t\t\t\t\t\t\t\t\t\t\t<\/div>\n\t\t\t\t<\/div>\n\t\t\t\t<div class=\"elementor-element elementor-element-785a4e8 elementor-widget elementor-widget-heading\" data-id=\"785a4e8\" data-element_type=\"widget\" data-e-type=\"widget\" data-widget_type=\"heading.default\">\n\t\t\t\t<div class=\"elementor-widget-container\">\n\t\t\t\t\t<span class=\"elementor-heading-title elementor-size-xl\">\u00a1Listo!<\/span>\t\t\t\t<\/div>\n\t\t\t\t<\/div>\n\t\t\t\t<div class=\"elementor-element elementor-element-4c98546 elementor-widget elementor-widget-text-editor\" data-id=\"4c98546\" data-element_type=\"widget\" data-e-type=\"widget\" data-widget_type=\"text-editor.default\">\n\t\t\t\t<div class=\"elementor-widget-container\">\n\t\t\t\t\t\t\t\t\t<p>No dudes en volver a comprar con nosotros<\/p>\t\t\t\t\t\t\t\t<\/div>\n\t\t\t\t<\/div>\n\t\t\t\t\t<\/div>\n\t\t<\/div>\n\t\t\t\t\t<\/div>\n\t\t<\/section>\n\t\t\t\t<section class=\"elementor-section elementor-top-section elementor-element elementor-element-310ef9b elementor-section-boxed elementor-section-height-default elementor-section-height-default\" data-id=\"310ef9b\" data-element_type=\"section\" data-e-type=\"section\" data-settings=\"{&quot;background_background&quot;:&quot;classic&quot;}\">\n\t\t\t\t\t\t<div class=\"elementor-container elementor-column-gap-default\">\n\t\t\t\t\t<div class=\"elementor-column elementor-col-33 elementor-top-column elementor-element elementor-element-11b88b8\" data-id=\"11b88b8\" data-element_type=\"column\" data-e-type=\"column\">\n\t\t\t<div class=\"elementor-widget-wrap elementor-element-populated\">\n\t\t\t\t\t\t<div class=\"elementor-element elementor-element-c2644de elementor-position-top elementor-widget elementor-widget-image-box\" data-id=\"c2644de\" data-element_type=\"widget\" data-e-type=\"widget\" data-widget_type=\"image-box.default\">\n\t\t\t\t<div class=\"elementor-widget-container\">\n\t\t\t\t\t<div class=\"elementor-image-box-wrapper\"><figure class=\"elementor-image-box-img\"><img fetchpriority=\"high\" decoding=\"async\" width=\"500\" height=\"440\" src=\"https:\/\/enixton.com\/articulosnuevosyusados\/wp-content\/uploads\/2020\/02\/pagos.png\" class=\"attachment-full size-full wp-image-44\" alt=\"\" srcset=\"https:\/\/enixton.com\/articulosnuevosyusados\/wp-content\/uploads\/2020\/02\/pagos.png 500w, https:\/\/enixton.com\/articulosnuevosyusados\/wp-content\/uploads\/2020\/02\/pagos-300x264.png 300w\" sizes=\"(max-width: 500px) 100vw, 500px\" \/><\/figure><div class=\"elementor-image-box-content\"><h3 class=\"elementor-image-box-title\">Diversos medios de pago<\/h3><p class=\"elementor-image-box-description\">Contamos con diversos\n<br>\nmedios de pago, aceptamos\n<br>\npagos en efectivo, en OXXO,\n<br>\nen sucursal y transferencias<\/p><\/div><\/div>\t\t\t\t<\/div>\n\t\t\t\t<\/div>\n\t\t\t\t\t<\/div>\n\t\t<\/div>\n\t\t\t\t<div class=\"elementor-column elementor-col-33 elementor-top-column elementor-element elementor-element-68b2d13\" data-id=\"68b2d13\" data-element_type=\"column\" data-e-type=\"column\">\n\t\t\t<div class=\"elementor-widget-wrap elementor-element-populated\">\n\t\t\t\t\t\t<div class=\"elementor-element elementor-element-9fc3973 elementor-position-top elementor-widget elementor-widget-image-box\" data-id=\"9fc3973\" data-element_type=\"widget\" data-e-type=\"widget\" data-widget_type=\"image-box.default\">\n\t\t\t\t<div class=\"elementor-widget-container\">\n\t\t\t\t\t<div class=\"elementor-image-box-wrapper\"><figure class=\"elementor-image-box-img\"><img decoding=\"async\" width=\"500\" height=\"448\" src=\"https:\/\/enixton.com\/articulosnuevosyusados\/wp-content\/uploads\/2020\/02\/paqueter\u00eda.png\" class=\"attachment-full size-full wp-image-42\" alt=\"\" srcset=\"https:\/\/enixton.com\/articulosnuevosyusados\/wp-content\/uploads\/2020\/02\/paqueter\u00eda.png 500w, https:\/\/enixton.com\/articulosnuevosyusados\/wp-content\/uploads\/2020\/02\/paqueter\u00eda-300x269.png 300w\" sizes=\"(max-width: 500px) 100vw, 500px\" \/><\/figure><div class=\"elementor-image-box-content\"><h3 class=\"elementor-image-box-title\">Paqueter\u00eda Confiable<\/h3><p class=\"elementor-image-box-description\">Trabajamos con las mejores\n<br>\nempresas de paqueter\u00eda de\n<br>\nM\u00e9xico. FedEx, RedPack,\n<br> \nDHL y Estafeta. <\/p><\/div><\/div>\t\t\t\t<\/div>\n\t\t\t\t<\/div>\n\t\t\t\t\t<\/div>\n\t\t<\/div>\n\t\t\t\t<div class=\"elementor-column elementor-col-33 elementor-top-column elementor-element elementor-element-d7523c0\" data-id=\"d7523c0\" data-element_type=\"column\" data-e-type=\"column\">\n\t\t\t<div class=\"elementor-widget-wrap elementor-element-populated\">\n\t\t\t\t\t\t<div class=\"elementor-element elementor-element-4ccc686 elementor-position-top elementor-widget elementor-widget-image-box\" data-id=\"4ccc686\" data-element_type=\"widget\" data-e-type=\"widget\" data-widget_type=\"image-box.default\">\n\t\t\t\t<div class=\"elementor-widget-container\">\n\t\t\t\t\t<div class=\"elementor-image-box-wrapper\"><figure class=\"elementor-image-box-img\"><img decoding=\"async\" width=\"500\" height=\"326\" src=\"https:\/\/enixton.com\/articulosnuevosyusados\/wp-content\/uploads\/2020\/02\/env\u00edos.png\" class=\"attachment-full size-full wp-image-43\" alt=\"\" srcset=\"https:\/\/enixton.com\/articulosnuevosyusados\/wp-content\/uploads\/2020\/02\/env\u00edos.png 500w, https:\/\/enixton.com\/articulosnuevosyusados\/wp-content\/uploads\/2020\/02\/env\u00edos-300x196.png 300w\" sizes=\"(max-width: 500px) 100vw, 500px\" \/><\/figure><div class=\"elementor-image-box-content\"><h3 class=\"elementor-image-box-title\">Env\u00edos a todo M\u00e9xico<\/h3><p class=\"elementor-image-box-description\">Recibe tu pedido a cualquier\n<br>\nparte de M\u00e9xico en el\n<br>\ntiempo estimado<\/p><\/div><\/div>\t\t\t\t<\/div>\n\t\t\t\t<\/div>\n\t\t\t\t\t<\/div>\n\t\t<\/div>\n\t\t\t\t\t<\/div>\n\t\t<\/section>\n\t\t\t\t<\/div>\n\t\t","protected":false},"excerpt":{"rendered":"<p>\u00bfC\u00f3mo comprar? Comprar con nosotros en \u00a1muy f\u00e1cil!, sigue los siguientes pasos: \u00a1Listo! No dudes en volver a comprar con nosotros Diversos medios de pago Contamos con diversos medios de pago, aceptamos pagos en efectivo, en OXXO, en sucursal y transferencias Paqueter\u00eda Confiable Trabajamos con las mejores empresas de paqueter\u00eda de M\u00e9xico. FedEx, RedPack, DHL &#8230; <a title=\"\u00bfC\u00f3mo comprar?\" class=\"read-more\" href=\"https:\/\/enixton.com\/articulosnuevosyusados\/como-comprar-2\/\" aria-label=\"More on \u00bfC\u00f3mo comprar?\">Read more<\/a><\/p>\n","protected":false},"author":1,"featured_media":0,"parent":0,"menu_order":0,"comment_status":"closed","ping_status":"closed","template":"elementor_header_footer","meta":{"footnotes":""},"class_list":["post-251","page","type-page","status-publish"],"_links":{"self":[{"href":"https:\/\/enixton.com\/articulosnuevosyusados\/wp-json\/wp\/v2\/pages\/251","targetHints":{"allow":["GET"]}}],"collection":[{"href":"https:\/\/enixton.com\/articulosnuevosyusados\/wp-json\/wp\/v2\/pages"}],"about":[{"href":"https:\/\/enixton.com\/articulosnuevosyusados\/wp-json\/wp\/v2\/types\/page"}],"author":[{"embeddable":true,"href":"https:\/\/enixton.com\/articulosnuevosyusados\/wp-json\/wp\/v2\/users\/1"}],"replies":[{"embeddable":true,"href":"https:\/\/enixton.com\/articulosnuevosyusados\/wp-json\/wp\/v2\/comments?post=251"}],"version-history":[{"count":6,"href":"https:\/\/enixton.com\/articulosnuevosyusados\/wp-json\/wp\/v2\/pages\/251\/revisions"}],"predecessor-version":[{"id":262,"href":"https:\/\/enixton.com\/articulosnuevosyusados\/wp-json\/wp\/v2\/pages\/251\/revisions\/262"}],"wp:attachment":[{"href":"https:\/\/enixton.com\/articulosnuevosyusados\/wp-json\/wp\/v2\/media?parent=251"}],"curies":[{"name":"wp","href":"https:\/\/api.w.org\/{rel}","templated":true}]}}