{"id":21,"date":"2023-06-20T20:05:56","date_gmt":"2023-06-20T20:05:56","guid":{"rendered":"https:\/\/enixton.com\/litto\/?page_id=21"},"modified":"2023-06-28T17:48:03","modified_gmt":"2023-06-28T17:48:03","slug":"productos","status":"publish","type":"page","link":"https:\/\/enixton.com\/litto\/productos\/","title":{"rendered":"Productos"},"content":{"rendered":"\t\t<div data-elementor-type=\"wp-page\" data-elementor-id=\"21\" class=\"elementor elementor-21\" data-elementor-post-type=\"page\">\n\t\t\t\t\t\t<section class=\"elementor-section elementor-top-section elementor-element elementor-element-5b4513c elementor-section-height-min-height elementor-section-boxed elementor-section-height-default elementor-section-items-middle\" data-id=\"5b4513c\" data-element_type=\"section\" data-e-type=\"section\" data-settings=\"{&quot;background_background&quot;:&quot;classic&quot;}\">\n\t\t\t\t\t\t<div class=\"elementor-container elementor-column-gap-default\">\n\t\t\t\t\t<div class=\"elementor-column elementor-col-100 elementor-top-column elementor-element elementor-element-53fdb52\" data-id=\"53fdb52\" data-element_type=\"column\" data-e-type=\"column\">\n\t\t\t<div class=\"elementor-widget-wrap elementor-element-populated\">\n\t\t\t\t\t\t<div class=\"elementor-element elementor-element-95684b3 elementor-widget elementor-widget-heading\" data-id=\"95684b3\" data-element_type=\"widget\" data-e-type=\"widget\" data-widget_type=\"heading.default\">\n\t\t\t\t\t<h2 class=\"elementor-heading-title elementor-size-default\">Productos<\/h2>\t\t\t\t<\/div>\n\t\t\t\t\t<\/div>\n\t\t<\/div>\n\t\t\t\t\t<\/div>\n\t\t<\/section>\n\t\t\t\t<section class=\"elementor-section elementor-top-section elementor-element elementor-element-caf7e58 elementor-section-boxed elementor-section-height-default elementor-section-height-default\" data-id=\"caf7e58\" data-element_type=\"section\" data-e-type=\"section\">\n\t\t\t\t\t\t<div class=\"elementor-container elementor-column-gap-default\">\n\t\t\t\t\t<div class=\"elementor-column elementor-col-25 elementor-top-column elementor-element elementor-element-e144625\" data-id=\"e144625\" data-element_type=\"column\" data-e-type=\"column\">\n\t\t\t<div class=\"elementor-widget-wrap elementor-element-populated\">\n\t\t\t\t\t\t<div class=\"elementor-element elementor-element-9814bb6 elementor-position-top elementor-widget elementor-widget-image-box\" data-id=\"9814bb6\" data-element_type=\"widget\" data-e-type=\"widget\" data-widget_type=\"image-box.default\">\n\t\t\t\t\t<div class=\"elementor-image-box-wrapper\"><figure class=\"elementor-image-box-img\"><a href=\"https:\/\/enixton.com\/litto\/acrilico-para-cancel-de-bano\/\" tabindex=\"-1\"><img fetchpriority=\"high\" decoding=\"async\" width=\"352\" height=\"198\" src=\"https:\/\/enixton.com\/litto\/wp-content\/uploads\/2023\/06\/download-1.jpg\" class=\"attachment-full size-full wp-image-55\" alt=\"\" srcset=\"https:\/\/enixton.com\/litto\/wp-content\/uploads\/2023\/06\/download-1.jpg 352w, https:\/\/enixton.com\/litto\/wp-content\/uploads\/2023\/06\/download-1-300x169.jpg 300w\" sizes=\"(max-width: 352px) 100vw, 352px\" \/><\/a><\/figure><div class=\"elementor-image-box-content\"><h3 class=\"elementor-image-box-title\"><a href=\"https:\/\/enixton.com\/litto\/acrilico-para-cancel-de-bano\/\">CANCELER\u00cdA<\/a><\/h3><p class=\"elementor-image-box-description\">Planchas de poliestireno para puertas de ba\u00f1o, con 17 grabados diferentes y 12 colores.<\/p><\/div><\/div>\t\t\t\t<\/div>\n\t\t\t\t<div class=\"elementor-element elementor-element-eb51a92 elementor-align-center elementor-widget elementor-widget-button\" data-id=\"eb51a92\" data-element_type=\"widget\" data-e-type=\"widget\" data-widget_type=\"button.default\">\n\t\t\t\t\t\t\t\t\t\t<a class=\"elementor-button elementor-button-link elementor-size-sm elementor-animation-grow\" href=\"https:\/\/enixton.com\/litto\/acrilico-para-cancel-de-bano\/\">\n\t\t\t\t\t\t<span class=\"elementor-button-content-wrapper\">\n\t\t\t\t\t\t\t\t\t<span class=\"elementor-button-text\">M\u00c1S INFORMACI\u00d3N<\/span>\n\t\t\t\t\t<\/span>\n\t\t\t\t\t<\/a>\n\t\t\t\t\t\t\t\t<\/div>\n\t\t\t\t\t<\/div>\n\t\t<\/div>\n\t\t\t\t<div class=\"elementor-column elementor-col-25 elementor-top-column elementor-element elementor-element-8ea00df\" data-id=\"8ea00df\" data-element_type=\"column\" data-e-type=\"column\">\n\t\t\t<div class=\"elementor-widget-wrap elementor-element-populated\">\n\t\t\t\t\t\t<div class=\"elementor-element elementor-element-7099fc2 elementor-position-top elementor-widget elementor-widget-image-box\" data-id=\"7099fc2\" data-element_type=\"widget\" data-e-type=\"widget\" data-widget_type=\"image-box.default\">\n\t\t\t\t\t<div class=\"elementor-image-box-wrapper\"><figure class=\"elementor-image-box-img\"><a href=\"https:\/\/enixton.com\/litto\/iluminacion\/\" tabindex=\"-1\"><img decoding=\"async\" width=\"352\" height=\"198\" src=\"https:\/\/enixton.com\/litto\/wp-content\/uploads\/2023\/06\/download-1-1.jpg\" class=\"attachment-full size-full wp-image-59\" alt=\"\" srcset=\"https:\/\/enixton.com\/litto\/wp-content\/uploads\/2023\/06\/download-1-1.jpg 352w, https:\/\/enixton.com\/litto\/wp-content\/uploads\/2023\/06\/download-1-1-300x169.jpg 300w\" sizes=\"(max-width: 352px) 100vw, 352px\" \/><\/a><\/figure><div class=\"elementor-image-box-content\"><h3 class=\"elementor-image-box-title\"><a href=\"https:\/\/enixton.com\/litto\/iluminacion\/\">ILUMINACI\u00d3N<\/a><\/h3><p class=\"elementor-image-box-description\">Fabricamos difusores, envolventes perfiles y rejilla para iluminaci\u00f3n LED y fluorescente.<\/p><\/div><\/div>\t\t\t\t<\/div>\n\t\t\t\t<div class=\"elementor-element elementor-element-6c46892 elementor-align-center elementor-widget elementor-widget-button\" data-id=\"6c46892\" data-element_type=\"widget\" data-e-type=\"widget\" data-widget_type=\"button.default\">\n\t\t\t\t\t\t\t\t\t\t<a class=\"elementor-button elementor-button-link elementor-size-sm elementor-animation-grow\" href=\"https:\/\/enixton.com\/litto\/iluminacion\/\">\n\t\t\t\t\t\t<span class=\"elementor-button-content-wrapper\">\n\t\t\t\t\t\t\t\t\t<span class=\"elementor-button-text\">M\u00c1S INFORMACI\u00d3N<\/span>\n\t\t\t\t\t<\/span>\n\t\t\t\t\t<\/a>\n\t\t\t\t\t\t\t\t<\/div>\n\t\t\t\t\t<\/div>\n\t\t<\/div>\n\t\t\t\t<div class=\"elementor-column elementor-col-25 elementor-top-column elementor-element elementor-element-8e36192\" data-id=\"8e36192\" data-element_type=\"column\" data-e-type=\"column\">\n\t\t\t<div class=\"elementor-widget-wrap elementor-element-populated\">\n\t\t\t\t\t\t<div class=\"elementor-element elementor-element-7257c12 elementor-position-top elementor-widget elementor-widget-image-box\" data-id=\"7257c12\" data-element_type=\"widget\" data-e-type=\"widget\" data-widget_type=\"image-box.default\">\n\t\t\t\t\t<div class=\"elementor-image-box-wrapper\"><figure class=\"elementor-image-box-img\"><a href=\"https:\/\/enixton.com\/litto\/acrilico\/\" tabindex=\"-1\"><img decoding=\"async\" width=\"352\" height=\"198\" src=\"https:\/\/enixton.com\/litto\/wp-content\/uploads\/2023\/06\/download-2.jpg\" class=\"attachment-full size-full wp-image-61\" alt=\"\" srcset=\"https:\/\/enixton.com\/litto\/wp-content\/uploads\/2023\/06\/download-2.jpg 352w, https:\/\/enixton.com\/litto\/wp-content\/uploads\/2023\/06\/download-2-300x169.jpg 300w\" sizes=\"(max-width: 352px) 100vw, 352px\" \/><\/a><\/figure><div class=\"elementor-image-box-content\"><h3 class=\"elementor-image-box-title\"><a href=\"https:\/\/enixton.com\/litto\/acrilico\/\">ACR\u00cdLICO<\/a><\/h3><p class=\"elementor-image-box-description\">Lamina acr\u00edlica en diferentes espesores, colores y medidas.<\/p><\/div><\/div>\t\t\t\t<\/div>\n\t\t\t\t<div class=\"elementor-element elementor-element-f323961 elementor-align-center elementor-widget elementor-widget-button\" data-id=\"f323961\" data-element_type=\"widget\" data-e-type=\"widget\" data-widget_type=\"button.default\">\n\t\t\t\t\t\t\t\t\t\t<a class=\"elementor-button elementor-button-link elementor-size-sm elementor-animation-grow\" href=\"https:\/\/enixton.com\/litto\/acrilico\/\">\n\t\t\t\t\t\t<span class=\"elementor-button-content-wrapper\">\n\t\t\t\t\t\t\t\t\t<span class=\"elementor-button-text\">M\u00c1S INFORMACI\u00d3N<\/span>\n\t\t\t\t\t<\/span>\n\t\t\t\t\t<\/a>\n\t\t\t\t\t\t\t\t<\/div>\n\t\t\t\t\t<\/div>\n\t\t<\/div>\n\t\t\t\t<div class=\"elementor-column elementor-col-25 elementor-top-column elementor-element elementor-element-3b5b1b7\" data-id=\"3b5b1b7\" data-element_type=\"column\" data-e-type=\"column\">\n\t\t\t<div class=\"elementor-widget-wrap elementor-element-populated\">\n\t\t\t\t\t\t<div class=\"elementor-element elementor-element-a187e0d elementor-position-top elementor-widget elementor-widget-image-box\" data-id=\"a187e0d\" data-element_type=\"widget\" data-e-type=\"widget\" data-widget_type=\"image-box.default\">\n\t\t\t\t\t<div class=\"elementor-image-box-wrapper\"><figure class=\"elementor-image-box-img\"><a href=\"https:\/\/enixton.com\/litto\/domos\/\" tabindex=\"-1\"><img loading=\"lazy\" decoding=\"async\" width=\"352\" height=\"198\" src=\"https:\/\/enixton.com\/litto\/wp-content\/uploads\/2023\/06\/download-3.jpg\" class=\"attachment-full size-full wp-image-65\" alt=\"\" srcset=\"https:\/\/enixton.com\/litto\/wp-content\/uploads\/2023\/06\/download-3.jpg 352w, https:\/\/enixton.com\/litto\/wp-content\/uploads\/2023\/06\/download-3-300x169.jpg 300w\" sizes=\"(max-width: 352px) 100vw, 352px\" \/><\/a><\/figure><div class=\"elementor-image-box-content\"><h3 class=\"elementor-image-box-title\"><a href=\"https:\/\/enixton.com\/litto\/domos\/\">DOMOS<\/a><\/h3><p class=\"elementor-image-box-description\">Los domos los fabricamos en forma rectangular, cuadrada, circular y piramidal.<\/p><\/div><\/div>\t\t\t\t<\/div>\n\t\t\t\t<div class=\"elementor-element elementor-element-7796f7d elementor-align-center elementor-widget elementor-widget-button\" data-id=\"7796f7d\" data-element_type=\"widget\" data-e-type=\"widget\" data-widget_type=\"button.default\">\n\t\t\t\t\t\t\t\t\t\t<a class=\"elementor-button elementor-button-link elementor-size-sm elementor-animation-grow\" href=\"https:\/\/enixton.com\/litto\/domos\/\">\n\t\t\t\t\t\t<span class=\"elementor-button-content-wrapper\">\n\t\t\t\t\t\t\t\t\t<span class=\"elementor-button-text\">M\u00c1S INFORMACI\u00d3N<\/span>\n\t\t\t\t\t<\/span>\n\t\t\t\t\t<\/a>\n\t\t\t\t\t\t\t\t<\/div>\n\t\t\t\t\t<\/div>\n\t\t<\/div>\n\t\t\t\t\t<\/div>\n\t\t<\/section>\n\t\t\t\t<\/div>\n\t\t","protected":false},"excerpt":{"rendered":"<p>Productos CANCELER\u00cdA Planchas de poliestireno para puertas de ba\u00f1o, con 17 grabados diferentes y 12 colores. M\u00c1S INFORMACI\u00d3N ILUMINACI\u00d3N Fabricamos difusores, envolventes perfiles y rejilla para iluminaci\u00f3n LED y fluorescente. M\u00c1S INFORMACI\u00d3N ACR\u00cdLICO Lamina acr\u00edlica en diferentes espesores, colores y medidas. M\u00c1S INFORMACI\u00d3N DOMOS Los domos los fabricamos en forma rectangular, cuadrada, circular y piramidal. [&hellip;]<\/p>\n","protected":false},"author":2,"featured_media":0,"parent":0,"menu_order":0,"comment_status":"closed","ping_status":"closed","template":"elementor_header_footer","meta":{"_joinchat":[],"footnotes":""},"class_list":["post-21","page","type-page","status-publish","hentry"],"_links":{"self":[{"href":"https:\/\/enixton.com\/litto\/wp-json\/wp\/v2\/pages\/21","targetHints":{"allow":["GET"]}}],"collection":[{"href":"https:\/\/enixton.com\/litto\/wp-json\/wp\/v2\/pages"}],"about":[{"href":"https:\/\/enixton.com\/litto\/wp-json\/wp\/v2\/types\/page"}],"author":[{"embeddable":true,"href":"https:\/\/enixton.com\/litto\/wp-json\/wp\/v2\/users\/2"}],"replies":[{"embeddable":true,"href":"https:\/\/enixton.com\/litto\/wp-json\/wp\/v2\/comments?post=21"}],"version-history":[{"count":10,"href":"https:\/\/enixton.com\/litto\/wp-json\/wp\/v2\/pages\/21\/revisions"}],"predecessor-version":[{"id":519,"href":"https:\/\/enixton.com\/litto\/wp-json\/wp\/v2\/pages\/21\/revisions\/519"}],"wp:attachment":[{"href":"https:\/\/enixton.com\/litto\/wp-json\/wp\/v2\/media?parent=21"}],"curies":[{"name":"wp","href":"https:\/\/api.w.org\/{rel}","templated":true}]}}