{"id":1099,"date":"2021-06-18T03:26:17","date_gmt":"2021-06-18T03:26:17","guid":{"rendered":"https:\/\/enixton.com\/mandala\/?page_id=1099"},"modified":"2021-07-05T16:53:29","modified_gmt":"2021-07-05T16:53:29","slug":"aviso-de-privacidad","status":"publish","type":"page","link":"https:\/\/enixton.com\/mandala\/aviso-de-privacidad\/","title":{"rendered":"Aviso de Privacidad"},"content":{"rendered":"\t\t<div data-elementor-type=\"wp-page\" data-elementor-id=\"1099\" class=\"elementor elementor-1099\">\n\t\t\t\t\t\t<section class=\"elementor-section elementor-top-section elementor-element elementor-element-a93543b elementor-section-stretched elementor-section-full_width elementor-section-height-default elementor-section-height-default\" data-id=\"a93543b\" data-element_type=\"section\" data-e-type=\"section\" data-settings=\"{&quot;stretch_section&quot;:&quot;section-stretched&quot;}\">\n\t\t\t\t\t\t<div class=\"elementor-container elementor-column-gap-no\">\n\t\t\t\t\t<div class=\"elementor-column elementor-col-100 elementor-top-column elementor-element elementor-element-24a97f4\" data-id=\"24a97f4\" data-element_type=\"column\" data-e-type=\"column\">\n\t\t\t<div class=\"elementor-widget-wrap elementor-element-populated\">\n\t\t\t\t\t\t<div class=\"elementor-element elementor-element-583b266 animated-slow elementor--h-position-center elementor--v-position-middle elementor-arrows-position-inside elementor-invisible elementor-widget elementor-widget-slides\" data-id=\"583b266\" data-element_type=\"widget\" data-e-type=\"widget\" data-settings=\"{&quot;navigation&quot;:&quot;arrows&quot;,&quot;_animation&quot;:&quot;fadeInUp&quot;,&quot;autoplay&quot;:&quot;yes&quot;,&quot;pause_on_hover&quot;:&quot;yes&quot;,&quot;pause_on_interaction&quot;:&quot;yes&quot;,&quot;autoplay_speed&quot;:5000,&quot;infinite&quot;:&quot;yes&quot;,&quot;transition&quot;:&quot;slide&quot;,&quot;transition_speed&quot;:500}\" data-widget_type=\"slides.default\">\n\t\t\t\t<div class=\"elementor-widget-container\">\n\t\t\t\t\t\t\t<div class=\"elementor-swiper\">\n\t\t\t<div class=\"elementor-slides-wrapper elementor-main-swiper swiper-container\" dir=\"ltr\" data-animation=\"fadeInUp\">\n\t\t\t\t<div class=\"swiper-wrapper elementor-slides\">\n\t\t\t\t\t<div class=\"elementor-repeater-item-f7fb44a swiper-slide\"><div class=\"swiper-slide-bg\"><\/div><div class=\"swiper-slide-inner\" ><div class=\"swiper-slide-contents\"><\/div><\/div><\/div>\t\t\t\t<\/div>\n\t\t\t\t\t\t\t<\/div>\n\t\t<\/div>\n\t\t\t\t\t\t<\/div>\n\t\t\t\t<\/div>\n\t\t\t\t\t<\/div>\n\t\t<\/div>\n\t\t\t\t\t<\/div>\n\t\t<\/section>\n\t\t\t\t<section class=\"elementor-section elementor-top-section elementor-element elementor-element-3b72bf0 elementor-section-boxed elementor-section-height-default elementor-section-height-default\" data-id=\"3b72bf0\" data-element_type=\"section\" data-e-type=\"section\">\n\t\t\t\t\t\t<div class=\"elementor-container elementor-column-gap-default\">\n\t\t\t\t\t<div class=\"elementor-column elementor-col-100 elementor-top-column elementor-element elementor-element-14041d9\" data-id=\"14041d9\" data-element_type=\"column\" data-e-type=\"column\">\n\t\t\t<div class=\"elementor-widget-wrap elementor-element-populated\">\n\t\t\t\t\t\t<div class=\"elementor-element elementor-element-5ad57a2 animated-slow elementor-invisible elementor-widget elementor-widget-heading\" data-id=\"5ad57a2\" data-element_type=\"widget\" data-e-type=\"widget\" data-settings=\"{&quot;_animation&quot;:&quot;fadeInUp&quot;}\" data-widget_type=\"heading.default\">\n\t\t\t\t<div class=\"elementor-widget-container\">\n\t\t\t\t\t<h2 class=\"elementor-heading-title elementor-size-xl\">AVISO DE PRIVACIDAD<\/h2>\t\t\t\t<\/div>\n\t\t\t\t<\/div>\n\t\t\t\t<div class=\"elementor-element elementor-element-89b8519 animated-slow elementor-invisible elementor-widget elementor-widget-text-editor\" data-id=\"89b8519\" data-element_type=\"widget\" data-e-type=\"widget\" data-settings=\"{&quot;_animation&quot;:&quot;fadeInUp&quot;}\" data-widget_type=\"text-editor.default\">\n\t\t\t\t<div class=\"elementor-widget-container\">\n\t\t\t\t\t\t\t\t\t<p>De acuerdo a lo Previsto en la \u201cLey Federal de Protecci\u00f3n de Datos Personales\u201d, declara MANDALA International Academy, ser una empresa legalmente constituida de conformidad con las leyes mexicanas, con domicilio en Avenida Fuente de Trevi N\u00famero 28, Colonia Lomas de Tecamachalco, C.P. 53950, Naucalpan de Ju\u00e1rez en M\u00e9xico, Estado de M\u00e9xico.; y como responsable del tratamiento de sus datos personales, hace de su conocimiento que la informaci\u00f3n de nuestros clientes es tratada de forma estrictamente confidencial por lo que al proporcionar sus datos personales, tales como:<\/p><p>1. Nombre Completo.<br \/>2. Direcci\u00f3n.<br \/>3. Registro Federal de Contribuyentes.<br \/>4. Tel\u00e9fonos de Hogar, Oficina y m\u00f3viles<br \/>5. Correo Electr\u00f3nico.<\/p><p>Estos ser\u00e1n utilizados \u00fanica y exclusivamente para los siguientes fines:<\/p><p>1. Informaci\u00f3n y Prestaci\u00f3n de Servicios.<br \/>2. Actualizaci\u00f3n de la Base de Datos.<br \/>3. Cualquier finalidad an\u00e1loga o compatible con las anteriores.<\/p><p>En el caso de Datos sensibles, tales como:<\/p><p>1. Datos Financieros (Ingresos, Estados de Cuenta, y dem\u00e1s relacionados)<br \/>2. Datos Patrimoniales (Bienes Materiales, Inmuebles, y dem\u00e1s relacionados)<br \/>3. Datos Personales (C\u00f3nyuge, Estado Civil, Nacionalidad, Educaci\u00f3n, Hijos, y dem\u00e1s relacionados).<br \/>4. Referencias familiares y no familiares (Nombre, Direcci\u00f3n, Tel\u00e9fono, relaci\u00f3n, etc.).<\/p><p>Estos ser\u00e1n utilizados \u00fanica y exclusivamente para los siguientes fines:<\/p><p>1. Investigaci\u00f3n y\/u Obtenci\u00f3n de Cr\u00e9ditos ante las Instituciones Financieras.<br \/>2. Cualquier finalidad an\u00e1loga o compatible con la anterior.<br \/>3. Informaci\u00f3n y Prestaci\u00f3n de Servicios.<\/p><p>Para prevenir el acceso no autorizado a sus datos personales y con el fin de asegurar que la informaci\u00f3n sea utilizada para los fines establecidos en este aviso de privacidad, hemos establecido diversos procedimientos con la finalidad de evitar el uso o divulgaci\u00f3n no autorizados de sus datos, permiti\u00e9ndonos tratarlos debidamente.<\/p><p>As\u00ed mismo, le informamos que sus datos personales pueden ser Transmitidos para ser tratados por personas distintas a esta empresa.<\/p><p>Todos sus datos personales son tratados de acuerdo a la legislaci\u00f3n aplicable y vigente en el pa\u00eds, por ello le informamos que usted tiene en todo momento los derechos (ARCO) de acceder, rectificar, cancelar u oponerse al tratamiento que le damos a sus datos personales; derecho que podr\u00e1 hacer valer a trav\u00e9s del \u00c1rea de Privacidad encargada de la seguridad de datos personales en el Tel\u00e9fono xxxxxx , o por medio de su correo electr\u00f3nico: xxxxx informadas a trav\u00e9s de correo electr\u00f3nico, tel\u00e9fono, o cualquier otro medio de comunicaci\u00f3n que MANDALA Internationa Academy determine para tal efecto.<\/p>\t\t\t\t\t\t\t\t<\/div>\n\t\t\t\t<\/div>\n\t\t\t\t\t<\/div>\n\t\t<\/div>\n\t\t\t\t\t<\/div>\n\t\t<\/section>\n\t\t\t\t<\/div>\n\t\t","protected":false},"excerpt":{"rendered":"<p>AVISO DE PRIVACIDAD De acuerdo a lo Previsto en la \u201cLey Federal de Protecci\u00f3n de Datos Personales\u201d, declara MANDALA International Academy, ser una empresa legalmente constituida de conformidad con las leyes mexicanas, con domicilio en Avenida Fuente de Trevi N\u00famero 28, Colonia Lomas de Tecamachalco, C.P. 53950, Naucalpan de Ju\u00e1rez en M\u00e9xico, Estado de M\u00e9xico.; y como responsable del tratamiento &#8230; <a title=\"Aviso de Privacidad\" class=\"read-more\" href=\"https:\/\/enixton.com\/mandala\/aviso-de-privacidad\/\" aria-label=\"M\u00e1s en Aviso de Privacidad\">Sigue leyendo<\/a><\/p>\n","protected":false},"author":2,"featured_media":0,"parent":0,"menu_order":0,"comment_status":"closed","ping_status":"closed","template":"elementor_header_footer","meta":{"_joinchat":[],"footnotes":""},"class_list":["post-1099","page","type-page","status-publish"],"_links":{"self":[{"href":"https:\/\/enixton.com\/mandala\/wp-json\/wp\/v2\/pages\/1099","targetHints":{"allow":["GET"]}}],"collection":[{"href":"https:\/\/enixton.com\/mandala\/wp-json\/wp\/v2\/pages"}],"about":[{"href":"https:\/\/enixton.com\/mandala\/wp-json\/wp\/v2\/types\/page"}],"author":[{"embeddable":true,"href":"https:\/\/enixton.com\/mandala\/wp-json\/wp\/v2\/users\/2"}],"replies":[{"embeddable":true,"href":"https:\/\/enixton.com\/mandala\/wp-json\/wp\/v2\/comments?post=1099"}],"version-history":[{"count":7,"href":"https:\/\/enixton.com\/mandala\/wp-json\/wp\/v2\/pages\/1099\/revisions"}],"predecessor-version":[{"id":1133,"href":"https:\/\/enixton.com\/mandala\/wp-json\/wp\/v2\/pages\/1099\/revisions\/1133"}],"wp:attachment":[{"href":"https:\/\/enixton.com\/mandala\/wp-json\/wp\/v2\/media?parent=1099"}],"curies":[{"name":"wp","href":"https:\/\/api.w.org\/{rel}","templated":true}]}}