{"id":429,"date":"2020-08-07T20:35:39","date_gmt":"2020-08-07T20:35:39","guid":{"rendered":"https:\/\/enixton.com\/mandala\/?page_id=429"},"modified":"2021-07-05T17:02:50","modified_gmt":"2021-07-05T17:02:50","slug":"niveles-educativos","status":"publish","type":"page","link":"https:\/\/enixton.com\/mandala\/niveles-educativos\/","title":{"rendered":"Niveles Educativos"},"content":{"rendered":"\t\t<div data-elementor-type=\"wp-page\" data-elementor-id=\"429\" class=\"elementor elementor-429\">\n\t\t\t\t\t\t<section class=\"elementor-section elementor-top-section elementor-element elementor-element-b7cc3be elementor-section-stretched elementor-section-full_width elementor-section-height-default elementor-section-height-default\" data-id=\"b7cc3be\" data-element_type=\"section\" data-e-type=\"section\" data-settings=\"{&quot;stretch_section&quot;:&quot;section-stretched&quot;}\">\n\t\t\t\t\t\t<div class=\"elementor-container elementor-column-gap-no\">\n\t\t\t\t\t<div class=\"elementor-column elementor-col-100 elementor-top-column elementor-element elementor-element-c475359\" data-id=\"c475359\" data-element_type=\"column\" data-e-type=\"column\">\n\t\t\t<div class=\"elementor-widget-wrap elementor-element-populated\">\n\t\t\t\t\t\t<div class=\"elementor-element elementor-element-5c7e725 animated-slow elementor--h-position-center elementor--v-position-middle elementor-arrows-position-inside elementor-invisible elementor-widget elementor-widget-slides\" data-id=\"5c7e725\" data-element_type=\"widget\" data-e-type=\"widget\" data-settings=\"{&quot;navigation&quot;:&quot;arrows&quot;,&quot;_animation&quot;:&quot;fadeInUp&quot;,&quot;autoplay&quot;:&quot;yes&quot;,&quot;pause_on_hover&quot;:&quot;yes&quot;,&quot;pause_on_interaction&quot;:&quot;yes&quot;,&quot;autoplay_speed&quot;:5000,&quot;infinite&quot;:&quot;yes&quot;,&quot;transition&quot;:&quot;slide&quot;,&quot;transition_speed&quot;:500}\" data-widget_type=\"slides.default\">\n\t\t\t\t<div class=\"elementor-widget-container\">\n\t\t\t\t\t\t\t<div class=\"elementor-swiper\">\n\t\t\t<div class=\"elementor-slides-wrapper elementor-main-swiper swiper-container\" dir=\"ltr\" data-animation=\"fadeInUp\">\n\t\t\t\t<div class=\"swiper-wrapper elementor-slides\">\n\t\t\t\t\t<div class=\"elementor-repeater-item-f7fb44a swiper-slide\"><div class=\"swiper-slide-bg\"><\/div><div class=\"swiper-slide-inner\" ><div class=\"swiper-slide-contents\"><\/div><\/div><\/div>\t\t\t\t<\/div>\n\t\t\t\t\t\t\t<\/div>\n\t\t<\/div>\n\t\t\t\t\t\t<\/div>\n\t\t\t\t<\/div>\n\t\t\t\t\t<\/div>\n\t\t<\/div>\n\t\t\t\t\t<\/div>\n\t\t<\/section>\n\t\t\t\t<section class=\"elementor-section elementor-top-section elementor-element elementor-element-372ef4f elementor-section-boxed elementor-section-height-default elementor-section-height-default\" data-id=\"372ef4f\" data-element_type=\"section\" data-e-type=\"section\" data-settings=\"{&quot;background_background&quot;:&quot;classic&quot;}\">\n\t\t\t\t\t\t<div class=\"elementor-container elementor-column-gap-default\">\n\t\t\t\t\t<div class=\"elementor-column elementor-col-100 elementor-top-column elementor-element elementor-element-4d72968\" data-id=\"4d72968\" data-element_type=\"column\" data-e-type=\"column\">\n\t\t\t<div class=\"elementor-widget-wrap elementor-element-populated\">\n\t\t\t\t\t\t<div class=\"elementor-element elementor-element-cbc4316 animated-slow elementor-invisible elementor-widget elementor-widget-heading\" data-id=\"cbc4316\" data-element_type=\"widget\" data-e-type=\"widget\" data-settings=\"{&quot;_animation&quot;:&quot;fadeInUp&quot;}\" data-widget_type=\"heading.default\">\n\t\t\t\t<div class=\"elementor-widget-container\">\n\t\t\t\t\t<h2 class=\"elementor-heading-title elementor-size-xl\">Nuestras Secciones<\/h2>\t\t\t\t<\/div>\n\t\t\t\t<\/div>\n\t\t\t\t<div class=\"elementor-element elementor-element-7e9e69f animated-slow elementor-widget-divider--view-line elementor-invisible elementor-widget elementor-widget-divider\" data-id=\"7e9e69f\" data-element_type=\"widget\" data-e-type=\"widget\" data-settings=\"{&quot;_animation&quot;:&quot;fadeInUp&quot;}\" data-widget_type=\"divider.default\">\n\t\t\t\t<div class=\"elementor-widget-container\">\n\t\t\t\t\t\t\t<div class=\"elementor-divider\">\n\t\t\t<span class=\"elementor-divider-separator\">\n\t\t\t\t\t\t<\/span>\n\t\t<\/div>\n\t\t\t\t\t\t<\/div>\n\t\t\t\t<\/div>\n\t\t\t\t<div class=\"elementor-element elementor-element-acb5243 animated-slow elementor-invisible elementor-widget elementor-widget-text-editor\" data-id=\"acb5243\" data-element_type=\"widget\" data-e-type=\"widget\" data-settings=\"{&quot;_animation&quot;:&quot;fadeInUp&quot;}\" data-widget_type=\"text-editor.default\">\n\t\t\t\t<div class=\"elementor-widget-container\">\n\t\t\t\t\t\t\t\t\t<p>En <strong>Mandala International Academy<\/strong>, el ritmo de las actividades ha sido dise\u00f1ado cuidadosamente<br \/>para generar <strong>salud y bienestar<\/strong> en nuestros estudiantes, ofreci\u00e9ndoles la oportunidad de explorar,<br \/>descubrir, imaginar, crear, construir, elaborar y experimentar favoreciendo, de esta manera,<br \/>la confianza en s\u00ed mismos y un \u00f3ptimo desarrollo de su autoestima,<br \/>contando siempre con la excelencia acad\u00e9mica.<\/p><p>Promovemos <strong>el desarrollo de habilidades en todas las \u00e1reas de los estudiantes<\/strong>, a trav\u00e9s<br \/>de una <strong>educaci\u00f3n consciente<\/strong>, mediante actividades l\u00fadicas, art\u00edsticas, contacto con el medio<br \/>ambiente y una nutrici\u00f3n equilibrada.<\/p>\t\t\t\t\t\t\t\t<\/div>\n\t\t\t\t<\/div>\n\t\t\t\t\t<\/div>\n\t\t<\/div>\n\t\t\t\t\t<\/div>\n\t\t<\/section>\n\t\t\t\t<section class=\"elementor-section elementor-top-section elementor-element elementor-element-0bdfb3c elementor-section-boxed elementor-section-height-default elementor-section-height-default\" data-id=\"0bdfb3c\" data-element_type=\"section\" data-e-type=\"section\" id=\"daycare\">\n\t\t\t\t\t\t<div class=\"elementor-container elementor-column-gap-default\">\n\t\t\t\t\t<div class=\"elementor-column elementor-col-100 elementor-top-column elementor-element elementor-element-04e25e6\" data-id=\"04e25e6\" data-element_type=\"column\" data-e-type=\"column\">\n\t\t\t<div class=\"elementor-widget-wrap\">\n\t\t\t\t\t\t\t<\/div>\n\t\t<\/div>\n\t\t\t\t\t<\/div>\n\t\t<\/section>\n\t\t\t\t<section class=\"elementor-section elementor-top-section elementor-element elementor-element-2d4543c elementor-section-stretched elementor-section-full_width bg-niveles-educativos animated-slow elementor-section-height-default elementor-section-height-default elementor-invisible\" data-id=\"2d4543c\" data-element_type=\"section\" data-e-type=\"section\" data-settings=\"{&quot;stretch_section&quot;:&quot;section-stretched&quot;,&quot;background_background&quot;:&quot;classic&quot;,&quot;animation&quot;:&quot;fadeInUp&quot;}\">\n\t\t\t\t\t\t<div class=\"elementor-container elementor-column-gap-no\">\n\t\t\t\t\t<div class=\"elementor-column elementor-col-100 elementor-top-column elementor-element elementor-element-d7d056f\" data-id=\"d7d056f\" data-element_type=\"column\" data-e-type=\"column\">\n\t\t\t<div class=\"elementor-widget-wrap elementor-element-populated\">\n\t\t\t\t\t\t<section class=\"elementor-section elementor-inner-section elementor-element elementor-element-267731d elementor-section-full_width elementor-section-height-default elementor-section-height-default\" data-id=\"267731d\" data-element_type=\"section\" data-e-type=\"section\">\n\t\t\t\t\t\t<div class=\"elementor-container elementor-column-gap-no\">\n\t\t\t\t\t<div class=\"elementor-column elementor-col-50 elementor-inner-column elementor-element elementor-element-7e94a86\" data-id=\"7e94a86\" data-element_type=\"column\" data-e-type=\"column\">\n\t\t\t<div class=\"elementor-widget-wrap\">\n\t\t\t\t\t\t\t<\/div>\n\t\t<\/div>\n\t\t\t\t<div class=\"elementor-column elementor-col-50 elementor-inner-column elementor-element elementor-element-d2ba651 animated-slow elementor-invisible\" data-id=\"d2ba651\" data-element_type=\"column\" data-e-type=\"column\" data-settings=\"{&quot;background_background&quot;:&quot;classic&quot;,&quot;animation&quot;:&quot;fadeInUp&quot;,&quot;animation_delay&quot;:200}\">\n\t\t\t<div class=\"elementor-widget-wrap elementor-element-populated\">\n\t\t\t\t\t\t<div class=\"elementor-element elementor-element-338e2a8 elementor-widget elementor-widget-text-editor\" data-id=\"338e2a8\" data-element_type=\"widget\" data-e-type=\"widget\" data-widget_type=\"text-editor.default\">\n\t\t\t\t<div class=\"elementor-widget-container\">\n\t\t\t\t\t\t\t\t\t<h2><strong>Day Care<\/strong><\/h2><p>Nuestra prioridad es el cuidado y atenci\u00f3n de nuestros<br \/>estudiantes m\u00e1s peque\u00f1os, forjamos su personalidad junto<br \/>con su autonom\u00eda en un ambiente seguro y protegido,<br \/>favoreciendo el aprendizaje, el desarrollo psicomotor y<br \/>cognitivo del beb\u00e9.<\/p><p><strong>Day Care \u2013 estancia infantil a partir de 1 a\u00f1o de edad.<\/strong><br \/><strong>El horario para Day Care es de 8:30 a 14:30 qued\u00e1ndose<\/strong><br \/><strong>en un ambiente seguro y cuidadoso.<\/strong><\/p>\t\t\t\t\t\t\t\t<\/div>\n\t\t\t\t<\/div>\n\t\t\t\t<div class=\"elementor-element elementor-element-3d182dc elementor-widget elementor-widget-button\" data-id=\"3d182dc\" data-element_type=\"widget\" data-e-type=\"widget\" data-widget_type=\"button.default\">\n\t\t\t\t<div class=\"elementor-widget-container\">\n\t\t\t\t\t\t\t\t\t<div class=\"elementor-button-wrapper\">\n\t\t\t\t\t<a class=\"elementor-button elementor-size-sm\" role=\"button\">\n\t\t\t\t\t\t<span class=\"elementor-button-content-wrapper\">\n\t\t\t\t\t\t\t\t\t<span class=\"elementor-button-text\">Ver Plan de Estudio<\/span>\n\t\t\t\t\t<\/span>\n\t\t\t\t\t<\/a>\n\t\t\t\t<\/div>\n\t\t\t\t\t\t\t\t<\/div>\n\t\t\t\t<\/div>\n\t\t\t\t\t<\/div>\n\t\t<\/div>\n\t\t\t\t\t<\/div>\n\t\t<\/section>\n\t\t\t\t\t<\/div>\n\t\t<\/div>\n\t\t\t\t\t<\/div>\n\t\t<\/section>\n\t\t\t\t<section class=\"elementor-section elementor-top-section elementor-element elementor-element-7f908a0 elementor-section-boxed elementor-section-height-default elementor-section-height-default\" data-id=\"7f908a0\" data-element_type=\"section\" data-e-type=\"section\" id=\"preescolar\">\n\t\t\t\t\t\t<div class=\"elementor-container elementor-column-gap-default\">\n\t\t\t\t\t<div class=\"elementor-column elementor-col-100 elementor-top-column elementor-element elementor-element-f797ea4\" data-id=\"f797ea4\" data-element_type=\"column\" data-e-type=\"column\">\n\t\t\t<div class=\"elementor-widget-wrap\">\n\t\t\t\t\t\t\t<\/div>\n\t\t<\/div>\n\t\t\t\t\t<\/div>\n\t\t<\/section>\n\t\t\t\t<section class=\"elementor-section elementor-top-section elementor-element elementor-element-a1d591d elementor-section-stretched elementor-section-full_width bg-niveles-educativos animated-slow elementor-section-height-default elementor-section-height-default elementor-invisible\" data-id=\"a1d591d\" data-element_type=\"section\" data-e-type=\"section\" data-settings=\"{&quot;stretch_section&quot;:&quot;section-stretched&quot;,&quot;background_background&quot;:&quot;classic&quot;,&quot;animation&quot;:&quot;fadeInUp&quot;}\">\n\t\t\t\t\t\t<div class=\"elementor-container elementor-column-gap-no\">\n\t\t\t\t\t<div class=\"elementor-column elementor-col-100 elementor-top-column elementor-element elementor-element-0208e31\" data-id=\"0208e31\" data-element_type=\"column\" data-e-type=\"column\">\n\t\t\t<div class=\"elementor-widget-wrap elementor-element-populated\">\n\t\t\t\t\t\t<section class=\"elementor-section elementor-inner-section elementor-element elementor-element-476f17c elementor-section-full_width elementor-section-height-default elementor-section-height-default\" data-id=\"476f17c\" data-element_type=\"section\" data-e-type=\"section\">\n\t\t\t\t\t\t<div class=\"elementor-container elementor-column-gap-no\">\n\t\t\t\t\t<div class=\"elementor-column elementor-col-50 elementor-inner-column elementor-element elementor-element-7b00efc animated-slow elementor-invisible\" data-id=\"7b00efc\" data-element_type=\"column\" data-e-type=\"column\" data-settings=\"{&quot;background_background&quot;:&quot;classic&quot;,&quot;animation&quot;:&quot;fadeInUp&quot;,&quot;animation_delay&quot;:200}\">\n\t\t\t<div class=\"elementor-widget-wrap elementor-element-populated\">\n\t\t\t\t\t\t<div class=\"elementor-element elementor-element-6991379 elementor-widget elementor-widget-text-editor\" data-id=\"6991379\" data-element_type=\"widget\" data-e-type=\"widget\" data-widget_type=\"text-editor.default\">\n\t\t\t\t<div class=\"elementor-widget-container\">\n\t\t\t\t\t\t\t\t\t<h2><strong>Preescolar<\/strong><\/h2><p>Nuestros estudiantes descubren la belleza del mundo en<br \/>un ambiente de amor y seguridad. Exploran, juegan,<br \/>disfrutan, y descubren con libertad, desarrollando<br \/>habilidades sociales, motoras, cognitivas y efectivas, sobre<br \/>todo aprenden el idioma ingl\u00e9s de forma natural volvi\u00e9ndolo<br \/>una herramienta m\u00e1s de comunicaci\u00f3n.<\/p><p>Aprenden el idioma ingl\u00e9s de forma natural desde muy<br \/>temprana edad como una herramienta m\u00e1s de<br \/>comunicaci\u00f3n.<\/p><p><strong>El horario para los tres grados es de 8:30 a 14:30<\/strong><br \/><strong>qued\u00e1ndose en un ambiente seguro y cuidadoso.<\/strong><\/p>\t\t\t\t\t\t\t\t<\/div>\n\t\t\t\t<\/div>\n\t\t\t\t<div class=\"elementor-element elementor-element-da8b43d elementor-align-right elementor-widget elementor-widget-button\" data-id=\"da8b43d\" data-element_type=\"widget\" data-e-type=\"widget\" data-widget_type=\"button.default\">\n\t\t\t\t<div class=\"elementor-widget-container\">\n\t\t\t\t\t\t\t\t\t<div class=\"elementor-button-wrapper\">\n\t\t\t\t\t<a class=\"elementor-button elementor-size-sm\" role=\"button\">\n\t\t\t\t\t\t<span class=\"elementor-button-content-wrapper\">\n\t\t\t\t\t\t\t\t\t<span class=\"elementor-button-text\">Ver Plan de Estudio<\/span>\n\t\t\t\t\t<\/span>\n\t\t\t\t\t<\/a>\n\t\t\t\t<\/div>\n\t\t\t\t\t\t\t\t<\/div>\n\t\t\t\t<\/div>\n\t\t\t\t\t<\/div>\n\t\t<\/div>\n\t\t\t\t<div class=\"elementor-column elementor-col-50 elementor-inner-column elementor-element elementor-element-defeb13\" data-id=\"defeb13\" data-element_type=\"column\" data-e-type=\"column\">\n\t\t\t<div class=\"elementor-widget-wrap\">\n\t\t\t\t\t\t\t<\/div>\n\t\t<\/div>\n\t\t\t\t\t<\/div>\n\t\t<\/section>\n\t\t\t\t\t<\/div>\n\t\t<\/div>\n\t\t\t\t\t<\/div>\n\t\t<\/section>\n\t\t\t\t<section class=\"elementor-section elementor-top-section elementor-element elementor-element-d0b9c35 elementor-section-boxed elementor-section-height-default elementor-section-height-default\" data-id=\"d0b9c35\" data-element_type=\"section\" data-e-type=\"section\" id=\"primaria\">\n\t\t\t\t\t\t<div class=\"elementor-container elementor-column-gap-default\">\n\t\t\t\t\t<div class=\"elementor-column elementor-col-100 elementor-top-column elementor-element elementor-element-409505b\" data-id=\"409505b\" data-element_type=\"column\" data-e-type=\"column\">\n\t\t\t<div class=\"elementor-widget-wrap\">\n\t\t\t\t\t\t\t<\/div>\n\t\t<\/div>\n\t\t\t\t\t<\/div>\n\t\t<\/section>\n\t\t\t\t<section class=\"elementor-section elementor-top-section elementor-element elementor-element-44459c3 elementor-section-stretched elementor-section-full_width bg-niveles-educativos animated-slow elementor-section-height-default elementor-section-height-default elementor-invisible\" data-id=\"44459c3\" data-element_type=\"section\" data-e-type=\"section\" data-settings=\"{&quot;stretch_section&quot;:&quot;section-stretched&quot;,&quot;background_background&quot;:&quot;classic&quot;,&quot;animation&quot;:&quot;fadeInUp&quot;}\">\n\t\t\t\t\t\t<div class=\"elementor-container elementor-column-gap-no\">\n\t\t\t\t\t<div class=\"elementor-column elementor-col-100 elementor-top-column elementor-element elementor-element-5d8921f\" data-id=\"5d8921f\" data-element_type=\"column\" data-e-type=\"column\">\n\t\t\t<div class=\"elementor-widget-wrap elementor-element-populated\">\n\t\t\t\t\t\t<section class=\"elementor-section elementor-inner-section elementor-element elementor-element-c23c91b elementor-section-full_width elementor-section-height-default elementor-section-height-default\" data-id=\"c23c91b\" data-element_type=\"section\" data-e-type=\"section\">\n\t\t\t\t\t\t<div class=\"elementor-container elementor-column-gap-no\">\n\t\t\t\t\t<div class=\"elementor-column elementor-col-50 elementor-inner-column elementor-element elementor-element-838bf63\" data-id=\"838bf63\" data-element_type=\"column\" data-e-type=\"column\">\n\t\t\t<div class=\"elementor-widget-wrap\">\n\t\t\t\t\t\t\t<\/div>\n\t\t<\/div>\n\t\t\t\t<div class=\"elementor-column elementor-col-50 elementor-inner-column elementor-element elementor-element-8b040d9 animated-slow elementor-invisible\" data-id=\"8b040d9\" data-element_type=\"column\" data-e-type=\"column\" data-settings=\"{&quot;background_background&quot;:&quot;classic&quot;,&quot;animation&quot;:&quot;fadeInUp&quot;,&quot;animation_delay&quot;:200}\">\n\t\t\t<div class=\"elementor-widget-wrap elementor-element-populated\">\n\t\t\t\t\t\t<div class=\"elementor-element elementor-element-8a4b8f0 elementor-widget elementor-widget-text-editor\" data-id=\"8a4b8f0\" data-element_type=\"widget\" data-e-type=\"widget\" data-widget_type=\"text-editor.default\">\n\t\t\t\t<div class=\"elementor-widget-container\">\n\t\t\t\t\t\t\t\t\t<h2><strong>Primaria<\/strong><\/h2><p>Nuestro programa de Primaria se centra en experiencias<br \/>de aprendizaje que estimulan la curiosidad de los<br \/>estudiantes y fomentan el entusiasmo por aprender y<br \/>as\u00ed promover el desarrollo integral de su ser en todas sus<br \/>dimensiones, les ense\u00f1amos a trav\u00e9s de los sentidos,<br \/>haciendo adecuaciones necesarias para cada uno.<br \/>Respetamos y aprovechamos su ritmo.<\/p><p>Las experiencias de los ni\u00f1os en la educaci\u00f3n primaria<br \/>son de gran relevancia y trascendencia, ya que<br \/>constituyen las bases de su formaci\u00f3n acad\u00e9mica y del<br \/>desarrollo f\u00edsico, mental, emocional y espiritual.<\/p><p><strong>El horario para los seis grados, es de 8:30 a 15:30<\/strong><br \/><strong>qued\u00e1ndose en un ambiente seguro y cuidadoso.<\/strong><\/p>\t\t\t\t\t\t\t\t<\/div>\n\t\t\t\t<\/div>\n\t\t\t\t<div class=\"elementor-element elementor-element-370584e elementor-widget elementor-widget-button\" data-id=\"370584e\" data-element_type=\"widget\" data-e-type=\"widget\" data-widget_type=\"button.default\">\n\t\t\t\t<div class=\"elementor-widget-container\">\n\t\t\t\t\t\t\t\t\t<div class=\"elementor-button-wrapper\">\n\t\t\t\t\t<a class=\"elementor-button elementor-size-sm\" role=\"button\">\n\t\t\t\t\t\t<span class=\"elementor-button-content-wrapper\">\n\t\t\t\t\t\t\t\t\t<span class=\"elementor-button-text\">Ver Plan de Estudio<\/span>\n\t\t\t\t\t<\/span>\n\t\t\t\t\t<\/a>\n\t\t\t\t<\/div>\n\t\t\t\t\t\t\t\t<\/div>\n\t\t\t\t<\/div>\n\t\t\t\t\t<\/div>\n\t\t<\/div>\n\t\t\t\t\t<\/div>\n\t\t<\/section>\n\t\t\t\t\t<\/div>\n\t\t<\/div>\n\t\t\t\t\t<\/div>\n\t\t<\/section>\n\t\t\t\t<section class=\"elementor-section elementor-top-section elementor-element elementor-element-471a09e elementor-section-boxed elementor-section-height-default elementor-section-height-default\" data-id=\"471a09e\" data-element_type=\"section\" data-e-type=\"section\" id=\"middleschool\">\n\t\t\t\t\t\t<div class=\"elementor-container elementor-column-gap-default\">\n\t\t\t\t\t<div class=\"elementor-column elementor-col-100 elementor-top-column elementor-element elementor-element-4d7e0d6\" data-id=\"4d7e0d6\" data-element_type=\"column\" data-e-type=\"column\">\n\t\t\t<div class=\"elementor-widget-wrap\">\n\t\t\t\t\t\t\t<\/div>\n\t\t<\/div>\n\t\t\t\t\t<\/div>\n\t\t<\/section>\n\t\t\t\t<section class=\"elementor-section elementor-top-section elementor-element elementor-element-a764978 elementor-section-stretched elementor-section-full_width bg-niveles-educativos animated-slow elementor-section-height-default elementor-section-height-default elementor-invisible\" data-id=\"a764978\" data-element_type=\"section\" data-e-type=\"section\" data-settings=\"{&quot;stretch_section&quot;:&quot;section-stretched&quot;,&quot;background_background&quot;:&quot;classic&quot;,&quot;animation&quot;:&quot;fadeInUp&quot;}\">\n\t\t\t\t\t\t<div class=\"elementor-container elementor-column-gap-no\">\n\t\t\t\t\t<div class=\"elementor-column elementor-col-100 elementor-top-column elementor-element elementor-element-ba0aebe\" data-id=\"ba0aebe\" data-element_type=\"column\" data-e-type=\"column\">\n\t\t\t<div class=\"elementor-widget-wrap elementor-element-populated\">\n\t\t\t\t\t\t<section class=\"elementor-section elementor-inner-section elementor-element elementor-element-5fc1768 elementor-section-full_width elementor-section-height-default elementor-section-height-default\" data-id=\"5fc1768\" data-element_type=\"section\" data-e-type=\"section\">\n\t\t\t\t\t\t<div class=\"elementor-container elementor-column-gap-no\">\n\t\t\t\t\t<div class=\"elementor-column elementor-col-50 elementor-inner-column elementor-element elementor-element-4018f94 animated-slow elementor-invisible\" data-id=\"4018f94\" data-element_type=\"column\" data-e-type=\"column\" data-settings=\"{&quot;background_background&quot;:&quot;classic&quot;,&quot;animation&quot;:&quot;fadeInUp&quot;,&quot;animation_delay&quot;:200}\">\n\t\t\t<div class=\"elementor-widget-wrap elementor-element-populated\">\n\t\t\t\t\t\t<div class=\"elementor-element elementor-element-8228813 elementor-widget elementor-widget-text-editor\" data-id=\"8228813\" data-element_type=\"widget\" data-e-type=\"widget\" data-widget_type=\"text-editor.default\">\n\t\t\t\t<div class=\"elementor-widget-container\">\n\t\t\t\t\t\t\t\t\t<h2><strong>Middle School<\/strong><\/h2><p>Nuestro programa de Middle School se centra en el<br \/>desarrollo de habilidades que les permitan a los estudiantes<br \/>aprender, promoviendo su liderazgo, creatividad,<br \/>fomentando el crecimiento personal, la atenci\u00f3n plena,<br \/>el desarrollo de la conciencia, viviendo experiencias de<br \/>vida y aprendizaje significativos para su futuro que les<br \/>permitan enfrentar el mundo que les espera.<\/p><p>Sabemos que la adolescencia es una etapa de expansi\u00f3n<br \/>intelectual, as\u00ed que brindamos a nuestros estudiantes un<br \/>acompa\u00f1amiento personalizado.<\/p><p><strong>El horario para los tres grados, es de 8:30 a 15:30 en un<\/strong><br \/><strong>ambiente seguro y cuidadoso.<\/strong><\/p>\t\t\t\t\t\t\t\t<\/div>\n\t\t\t\t<\/div>\n\t\t\t\t<div class=\"elementor-element elementor-element-bffc231 elementor-align-right elementor-widget elementor-widget-button\" data-id=\"bffc231\" data-element_type=\"widget\" data-e-type=\"widget\" data-widget_type=\"button.default\">\n\t\t\t\t<div class=\"elementor-widget-container\">\n\t\t\t\t\t\t\t\t\t<div class=\"elementor-button-wrapper\">\n\t\t\t\t\t<a class=\"elementor-button elementor-size-sm\" role=\"button\">\n\t\t\t\t\t\t<span class=\"elementor-button-content-wrapper\">\n\t\t\t\t\t\t\t\t\t<span class=\"elementor-button-text\">Ver Plan de Estudio<\/span>\n\t\t\t\t\t<\/span>\n\t\t\t\t\t<\/a>\n\t\t\t\t<\/div>\n\t\t\t\t\t\t\t\t<\/div>\n\t\t\t\t<\/div>\n\t\t\t\t\t<\/div>\n\t\t<\/div>\n\t\t\t\t<div class=\"elementor-column elementor-col-50 elementor-inner-column elementor-element elementor-element-82c28c8\" data-id=\"82c28c8\" data-element_type=\"column\" data-e-type=\"column\">\n\t\t\t<div class=\"elementor-widget-wrap\">\n\t\t\t\t\t\t\t<\/div>\n\t\t<\/div>\n\t\t\t\t\t<\/div>\n\t\t<\/section>\n\t\t\t\t\t<\/div>\n\t\t<\/div>\n\t\t\t\t\t<\/div>\n\t\t<\/section>\n\t\t\t\t<\/div>\n\t\t","protected":false},"excerpt":{"rendered":"<p>Nuestras Secciones En Mandala International Academy, el ritmo de las actividades ha sido dise\u00f1ado cuidadosamentepara generar salud y bienestar en nuestros estudiantes, ofreci\u00e9ndoles la oportunidad de explorar,descubrir, imaginar, crear, construir, elaborar y experimentar favoreciendo, de esta manera,la confianza en s\u00ed mismos y un \u00f3ptimo desarrollo de su autoestima,contando siempre con la excelencia acad\u00e9mica. Promovemos el desarrollo de habilidades en todas &#8230; <a title=\"Niveles Educativos\" class=\"read-more\" href=\"https:\/\/enixton.com\/mandala\/niveles-educativos\/\" aria-label=\"M\u00e1s en Niveles Educativos\">Sigue leyendo<\/a><\/p>\n","protected":false},"author":2,"featured_media":0,"parent":0,"menu_order":0,"comment_status":"closed","ping_status":"closed","template":"elementor_header_footer","meta":{"_joinchat":[],"footnotes":""},"class_list":["post-429","page","type-page","status-publish"],"_links":{"self":[{"href":"https:\/\/enixton.com\/mandala\/wp-json\/wp\/v2\/pages\/429","targetHints":{"allow":["GET"]}}],"collection":[{"href":"https:\/\/enixton.com\/mandala\/wp-json\/wp\/v2\/pages"}],"about":[{"href":"https:\/\/enixton.com\/mandala\/wp-json\/wp\/v2\/types\/page"}],"author":[{"embeddable":true,"href":"https:\/\/enixton.com\/mandala\/wp-json\/wp\/v2\/users\/2"}],"replies":[{"embeddable":true,"href":"https:\/\/enixton.com\/mandala\/wp-json\/wp\/v2\/comments?post=429"}],"version-history":[{"count":45,"href":"https:\/\/enixton.com\/mandala\/wp-json\/wp\/v2\/pages\/429\/revisions"}],"predecessor-version":[{"id":1157,"href":"https:\/\/enixton.com\/mandala\/wp-json\/wp\/v2\/pages\/429\/revisions\/1157"}],"wp:attachment":[{"href":"https:\/\/enixton.com\/mandala\/wp-json\/wp\/v2\/media?parent=429"}],"curies":[{"name":"wp","href":"https:\/\/api.w.org\/{rel}","templated":true}]}}