{"id":463,"date":"2020-08-07T22:45:57","date_gmt":"2020-08-07T22:45:57","guid":{"rendered":"https:\/\/enixton.com\/mandala\/?page_id=463"},"modified":"2021-07-05T16:52:23","modified_gmt":"2021-07-05T16:52:23","slug":"after-school","status":"publish","type":"page","link":"https:\/\/enixton.com\/mandala\/after-school\/","title":{"rendered":"After School"},"content":{"rendered":"\t\t<div data-elementor-type=\"wp-page\" data-elementor-id=\"463\" class=\"elementor elementor-463\">\n\t\t\t\t\t\t<section class=\"elementor-section elementor-top-section elementor-element elementor-element-b7cc3be elementor-section-stretched elementor-section-full_width elementor-section-height-default elementor-section-height-default\" data-id=\"b7cc3be\" data-element_type=\"section\" data-e-type=\"section\" data-settings=\"{&quot;stretch_section&quot;:&quot;section-stretched&quot;}\">\n\t\t\t\t\t\t<div class=\"elementor-container elementor-column-gap-no\">\n\t\t\t\t\t<div class=\"elementor-column elementor-col-100 elementor-top-column elementor-element elementor-element-c475359\" data-id=\"c475359\" data-element_type=\"column\" data-e-type=\"column\">\n\t\t\t<div class=\"elementor-widget-wrap elementor-element-populated\">\n\t\t\t\t\t\t<div class=\"elementor-element elementor-element-5c7e725 animated-slow elementor--h-position-center elementor--v-position-middle elementor-arrows-position-inside elementor-invisible elementor-widget elementor-widget-slides\" data-id=\"5c7e725\" data-element_type=\"widget\" data-e-type=\"widget\" data-settings=\"{&quot;navigation&quot;:&quot;arrows&quot;,&quot;_animation&quot;:&quot;fadeInUp&quot;,&quot;autoplay&quot;:&quot;yes&quot;,&quot;pause_on_hover&quot;:&quot;yes&quot;,&quot;pause_on_interaction&quot;:&quot;yes&quot;,&quot;autoplay_speed&quot;:5000,&quot;infinite&quot;:&quot;yes&quot;,&quot;transition&quot;:&quot;slide&quot;,&quot;transition_speed&quot;:500}\" data-widget_type=\"slides.default\">\n\t\t\t\t<div class=\"elementor-widget-container\">\n\t\t\t\t\t\t\t<div class=\"elementor-swiper\">\n\t\t\t<div class=\"elementor-slides-wrapper elementor-main-swiper swiper-container\" dir=\"ltr\" data-animation=\"fadeInUp\">\n\t\t\t\t<div class=\"swiper-wrapper elementor-slides\">\n\t\t\t\t\t<div class=\"elementor-repeater-item-f7fb44a swiper-slide\"><div class=\"swiper-slide-bg\"><\/div><div class=\"swiper-slide-inner\" ><div class=\"swiper-slide-contents\"><\/div><\/div><\/div>\t\t\t\t<\/div>\n\t\t\t\t\t\t\t<\/div>\n\t\t<\/div>\n\t\t\t\t\t\t<\/div>\n\t\t\t\t<\/div>\n\t\t\t\t\t<\/div>\n\t\t<\/div>\n\t\t\t\t\t<\/div>\n\t\t<\/section>\n\t\t\t\t<section class=\"elementor-section elementor-top-section elementor-element elementor-element-372ef4f elementor-section-boxed elementor-section-height-default elementor-section-height-default\" data-id=\"372ef4f\" data-element_type=\"section\" data-e-type=\"section\" id=\"clases-especiales\" data-settings=\"{&quot;background_background&quot;:&quot;classic&quot;}\">\n\t\t\t\t\t\t<div class=\"elementor-container elementor-column-gap-default\">\n\t\t\t\t\t<div class=\"elementor-column elementor-col-100 elementor-top-column elementor-element elementor-element-4d72968\" data-id=\"4d72968\" data-element_type=\"column\" data-e-type=\"column\">\n\t\t\t<div class=\"elementor-widget-wrap elementor-element-populated\">\n\t\t\t\t\t\t<div class=\"elementor-element elementor-element-cbc4316 animated-slow elementor-invisible elementor-widget elementor-widget-heading\" data-id=\"cbc4316\" data-element_type=\"widget\" data-e-type=\"widget\" data-settings=\"{&quot;_animation&quot;:&quot;fadeInUp&quot;}\" data-widget_type=\"heading.default\">\n\t\t\t\t<div class=\"elementor-widget-container\">\n\t\t\t\t\t<h2 class=\"elementor-heading-title elementor-size-xl\">Clases Especiales<\/h2>\t\t\t\t<\/div>\n\t\t\t\t<\/div>\n\t\t\t\t<div class=\"elementor-element elementor-element-7e9e69f animated-slow elementor-widget-divider--view-line elementor-invisible elementor-widget elementor-widget-divider\" data-id=\"7e9e69f\" data-element_type=\"widget\" data-e-type=\"widget\" data-settings=\"{&quot;_animation&quot;:&quot;fadeInUp&quot;}\" data-widget_type=\"divider.default\">\n\t\t\t\t<div class=\"elementor-widget-container\">\n\t\t\t\t\t\t\t<div class=\"elementor-divider\">\n\t\t\t<span class=\"elementor-divider-separator\">\n\t\t\t\t\t\t<\/span>\n\t\t<\/div>\n\t\t\t\t\t\t<\/div>\n\t\t\t\t<\/div>\n\t\t\t\t<div class=\"elementor-element elementor-element-acb5243 animated-slow elementor-invisible elementor-widget elementor-widget-text-editor\" data-id=\"acb5243\" data-element_type=\"widget\" data-e-type=\"widget\" data-settings=\"{&quot;_animation&quot;:&quot;fadeInUp&quot;}\" data-widget_type=\"text-editor.default\">\n\t\t\t\t<div class=\"elementor-widget-container\">\n\t\t\t\t\t\t\t\t\t<p>Se estimula el <strong>desarrollo de las capacidades y talentos de los<\/strong><br \/><strong>estudiantes al ofrecerles pr\u00e1cticas y disciplinas que promueven la integraci\u00f3n de diferentes habilidades<\/strong>.<\/p><p>Estos talleres son parte fundamental del desarrollo de cada estudiante, ya que les otorgan herramientas<br \/>esenciales para la vida, al enfocarse en su desarrollo mental, f\u00edsico y espiritual.<\/p>\t\t\t\t\t\t\t\t<\/div>\n\t\t\t\t<\/div>\n\t\t\t\t\t<\/div>\n\t\t<\/div>\n\t\t\t\t\t<\/div>\n\t\t<\/section>\n\t\t\t\t<section class=\"elementor-section elementor-top-section elementor-element elementor-element-c9c85d6 elementor-section-stretched elementor-section-full_width elementor-section-height-default elementor-section-height-default\" data-id=\"c9c85d6\" data-element_type=\"section\" data-e-type=\"section\" data-settings=\"{&quot;stretch_section&quot;:&quot;section-stretched&quot;}\">\n\t\t\t\t\t\t<div class=\"elementor-container elementor-column-gap-no\">\n\t\t\t\t\t<div class=\"elementor-column elementor-col-100 elementor-top-column elementor-element elementor-element-e9eff32\" data-id=\"e9eff32\" data-element_type=\"column\" data-e-type=\"column\">\n\t\t\t<div class=\"elementor-widget-wrap elementor-element-populated\">\n\t\t\t\t\t\t<div class=\"elementor-element elementor-element-81c566b acordion animated-slow elementor-invisible elementor-widget elementor-widget-eael-image-accordion\" data-id=\"81c566b\" data-element_type=\"widget\" data-e-type=\"widget\" data-settings=\"{&quot;_animation&quot;:&quot;fadeInUp&quot;}\" data-widget_type=\"eael-image-accordion.default\">\n\t\t\t\t<div class=\"elementor-widget-container\">\n\t\t\t\t\t    <div class=\"eael-img-accordion accordion-direction-horizontal eael-img-accordion-horizontal-align-right eael-img-accordion-vertical-align-center\" id=\"eael-img-accordion-81c566b\" data-img-accordion-id=\"81c566b\" data-img-accordion-type=\"on-hover\">\n                    \n            <div class=\"eael-image-accordion-hover eael-image-accordion-item\" style=\"background-image: url(https:\/\/enixton.com\/mandala\/wp-content\/uploads\/2020\/08\/4.4.jpg);\"  tabindex=\"0\">\n                <div class=\"overlay\">\n                                        <div class=\"overlay-inner \">\n                                                    <p><p>Es un taller que promueve la conexi\u00f3n del cuerpo con el agua para lograr conecta la mente, el esp\u00edritu y las emociones.<\/p><p>Complementamos con t\u00e9cnicas de nataci\u00f3n que favorecen el aprendizaje en nuestros estudiantes a tener mayor actividad f\u00edsica.<\/p><\/p>\n                                            <\/div>\n                <\/div>\n            <\/div>\n                    \n            <div class=\"eael-image-accordion-hover eael-image-accordion-item\" style=\"background-image: url(https:\/\/enixton.com\/mandala\/wp-content\/uploads\/2020\/08\/7.7.jpg);\"  tabindex=\"0\">\n                <div class=\"overlay\">\n                                        <div class=\"overlay-inner \">\n                                                    <p><p>Ense\u00f1aremos a nuestros estudiantes a cosechar frutas y verduras, sobre todo aprenden a respetar la naturaleza.<\/p><\/p>\n                                            <\/div>\n                <\/div>\n            <\/div>\n                    \n            <div class=\"eael-image-accordion-hover eael-image-accordion-item\" style=\"background-image: url(https:\/\/enixton.com\/mandala\/wp-content\/uploads\/2020\/08\/1.1.jpg);\"  tabindex=\"0\">\n                <div class=\"overlay\">\n                                        <div class=\"overlay-inner \">\n                                                    <p><p>El arte estimula el aprendizaje de otras materias, como la lectura y la matem\u00e1tica, ya que promueve actividades que fomentan el desarrollo de la percepci\u00f3n, la motricidad fina, la interacci\u00f3n social adem\u00e1s de potenciar la creatividad e imaginaci\u00f3n.<\/p><\/p>\n                                            <\/div>\n                <\/div>\n            <\/div>\n                    \n            <div class=\"eael-image-accordion-hover eael-image-accordion-item\" style=\"background-image: url(https:\/\/enixton.com\/mandala\/wp-content\/uploads\/2020\/08\/3.3.jpg);\"  tabindex=\"0\">\n                <div class=\"overlay\">\n                                        <div class=\"overlay-inner \">\n                                                    <p><p>Desde edades tempranas los estudiantes desarrollan destrezas motoras y cognitivas.<\/p><\/p>\n                                            <\/div>\n                <\/div>\n            <\/div>\n                <\/div>\n        <style typr=\"text\/css\">\n                    #eael-img-accordion-81c566b .eael-image-accordion-hover:hover {\n                        flex: 3 1 0% !important;\n                    }\n                    #eael-img-accordion-81c566b .eael-image-accordion-hover:hover:hover .overlay-inner * {\n                        opacity: 1;\n                        visibility: visible;\n                        transform: none;\n                        transition: all .3s .3s;\n                    }\n                <\/style>\t\t\t\t<\/div>\n\t\t\t\t<\/div>\n\t\t\t\t\t<\/div>\n\t\t<\/div>\n\t\t\t\t\t<\/div>\n\t\t<\/section>\n\t\t\t\t<section class=\"elementor-section elementor-top-section elementor-element elementor-element-53792be elementor-section-stretched elementor-section-full_width elementor-section-height-default elementor-section-height-default\" data-id=\"53792be\" data-element_type=\"section\" data-e-type=\"section\" data-settings=\"{&quot;stretch_section&quot;:&quot;section-stretched&quot;}\">\n\t\t\t\t\t\t<div class=\"elementor-container elementor-column-gap-no\">\n\t\t\t\t\t<div class=\"elementor-column elementor-col-100 elementor-top-column elementor-element elementor-element-32a4d76\" data-id=\"32a4d76\" data-element_type=\"column\" data-e-type=\"column\">\n\t\t\t<div class=\"elementor-widget-wrap elementor-element-populated\">\n\t\t\t\t\t\t<div class=\"elementor-element elementor-element-179d64e acordion animated-slow elementor-invisible elementor-widget elementor-widget-eael-image-accordion\" data-id=\"179d64e\" data-element_type=\"widget\" data-e-type=\"widget\" data-settings=\"{&quot;_animation&quot;:&quot;fadeInUp&quot;}\" data-widget_type=\"eael-image-accordion.default\">\n\t\t\t\t<div class=\"elementor-widget-container\">\n\t\t\t\t\t    <div class=\"eael-img-accordion accordion-direction-horizontal eael-img-accordion-horizontal-align-right eael-img-accordion-vertical-align-center\" id=\"eael-img-accordion-179d64e\" data-img-accordion-id=\"179d64e\" data-img-accordion-type=\"on-hover\">\n                    \n            <div class=\"eael-image-accordion-hover eael-image-accordion-item\" style=\"background-image: url(https:\/\/enixton.com\/mandala\/wp-content\/uploads\/2020\/08\/6.6.jpg);\"  tabindex=\"0\">\n                <div class=\"overlay\">\n                                        <div class=\"overlay-inner \">\n                                                    <p><p>El taller de carpinter\u00eda desarrolla en los estudiantes habilidades manuales y num\u00e9ricas adem\u00e1s de que promueve la atenci\u00f3n y la concentraci\u00f3n.<\/p><p><br \/>Construir objetos con madera ayuda a ejercitar la coordinaci\u00f3n motora, la creatividad, la planificaci\u00f3n, la resoluci\u00f3n de problemas y la organizaci\u00f3n.<\/p><\/p>\n                                            <\/div>\n                <\/div>\n            <\/div>\n                    \n            <div class=\"eael-image-accordion-hover eael-image-accordion-item\" style=\"background-image: url(https:\/\/enixton.com\/mandala\/wp-content\/uploads\/2020\/08\/5.5.jpg);\"  tabindex=\"0\">\n                <div class=\"overlay\">\n                                        <div class=\"overlay-inner \">\n                                                    <p><p>Exploring Wisdom es un taller desarrollado en Mandala para promover y fomentar el gusto por la lectura a trav\u00e9s de experiencias que fomentan la curiosidad y el ansia de conocimiento.<\/p><p>\u00a0<\/p><p>Leer ayuda a que los ni\u00f1os estimulen su imaginaci\u00f3n y su creatividad, en esta clase el estudiante enriquecer\u00e1 su cultura y mejora su lenguaje.<\/p><\/p>\n                                            <\/div>\n                <\/div>\n            <\/div>\n                    \n            <div class=\"eael-image-accordion-hover eael-image-accordion-item\" style=\"background-image: url(https:\/\/enixton.com\/mandala\/wp-content\/uploads\/2020\/08\/2.2.jpg);\"  tabindex=\"0\">\n                <div class=\"overlay\">\n                                        <div class=\"overlay-inner \">\n                                                    <p><p>La m\u00fasica es un elemento imprescindible para el sano desarrollo cognitivo, emocional y de lenguaje de los estudiantes, ya que es un medio de expresi\u00f3n universal.<\/p><p>\u00a0<\/p><p>Ayudando a expresar diferentes ideas y pensamientos.<\/p><\/p>\n                                            <\/div>\n                <\/div>\n            <\/div>\n                    \n            <div class=\"eael-image-accordion-hover eael-image-accordion-item\" style=\"background-image: url(https:\/\/enixton.com\/mandala\/wp-content\/uploads\/2020\/08\/8.8.jpg);\"  tabindex=\"0\">\n                <div class=\"overlay\">\n                                        <div class=\"overlay-inner \">\n                                                    <p><p>Nuestros estudiantes aprendena manejar su dinero adecuadamente, adoptan buenas pr\u00e1cticas financieras, como el ahorro, alinean sus prioridades, les ayuda a tomar mejores decisiones como consumidores y, a la larga, como productores o emprendedores.<\/p><\/p>\n                                            <\/div>\n                <\/div>\n            <\/div>\n                <\/div>\n        <style typr=\"text\/css\">\n                    #eael-img-accordion-179d64e .eael-image-accordion-hover:hover {\n                        flex: 3 1 0% !important;\n                    }\n                    #eael-img-accordion-179d64e .eael-image-accordion-hover:hover:hover .overlay-inner * {\n                        opacity: 1;\n                        visibility: visible;\n                        transform: none;\n                        transition: all .3s .3s;\n                    }\n                <\/style>\t\t\t\t<\/div>\n\t\t\t\t<\/div>\n\t\t\t\t\t<\/div>\n\t\t<\/div>\n\t\t\t\t\t<\/div>\n\t\t<\/section>\n\t\t\t\t<\/div>\n\t\t","protected":false},"excerpt":{"rendered":"<p>Clases Especiales Se estimula el desarrollo de las capacidades y talentos de losestudiantes al ofrecerles pr\u00e1cticas y disciplinas que promueven la integraci\u00f3n de diferentes habilidades. Estos talleres son parte fundamental del desarrollo de cada estudiante, ya que les otorgan herramientasesenciales para la vida, al enfocarse en su desarrollo mental, f\u00edsico y espiritual. Es un taller que promueve la conexi\u00f3n del &#8230; <a title=\"After School\" class=\"read-more\" href=\"https:\/\/enixton.com\/mandala\/after-school\/\" aria-label=\"M\u00e1s en After School\">Sigue leyendo<\/a><\/p>\n","protected":false},"author":2,"featured_media":0,"parent":0,"menu_order":0,"comment_status":"closed","ping_status":"closed","template":"elementor_header_footer","meta":{"_joinchat":[],"footnotes":""},"class_list":["post-463","page","type-page","status-publish"],"_links":{"self":[{"href":"https:\/\/enixton.com\/mandala\/wp-json\/wp\/v2\/pages\/463","targetHints":{"allow":["GET"]}}],"collection":[{"href":"https:\/\/enixton.com\/mandala\/wp-json\/wp\/v2\/pages"}],"about":[{"href":"https:\/\/enixton.com\/mandala\/wp-json\/wp\/v2\/types\/page"}],"author":[{"embeddable":true,"href":"https:\/\/enixton.com\/mandala\/wp-json\/wp\/v2\/users\/2"}],"replies":[{"embeddable":true,"href":"https:\/\/enixton.com\/mandala\/wp-json\/wp\/v2\/comments?post=463"}],"version-history":[{"count":43,"href":"https:\/\/enixton.com\/mandala\/wp-json\/wp\/v2\/pages\/463\/revisions"}],"predecessor-version":[{"id":1130,"href":"https:\/\/enixton.com\/mandala\/wp-json\/wp\/v2\/pages\/463\/revisions\/1130"}],"wp:attachment":[{"href":"https:\/\/enixton.com\/mandala\/wp-json\/wp\/v2\/media?parent=463"}],"curies":[{"name":"wp","href":"https:\/\/api.w.org\/{rel}","templated":true}]}}