{"id":414,"date":"2018-07-31T17:18:18","date_gmt":"2018-07-31T22:18:18","guid":{"rendered":"https:\/\/enixton.com\/refaccionesyequipos\/?post_type=product&#038;p=414"},"modified":"2019-09-03T13:12:51","modified_gmt":"2019-09-03T18:12:51","slug":"kit-valvula-de-quimicos-192914gs-231b2327gs","status":"publish","type":"product","link":"https:\/\/enixton.com\/refaccionesyequipos\/producto\/kit-valvula-de-quimicos-192914gs-231b2327gs\/","title":{"rendered":"Kit v\u00e1lvula de qu\u00edmicos 192914GS 231B2327GS"},"content":{"rendered":"","protected":false},"excerpt":{"rendered":"<div class=\"block paragraph\" data-block=\"true\" data-editor=\"1dl7g\" data-offset-key=\"cmiio-0-0\">\n<div class=\"public-DraftStyleDefault-block public-DraftStyleDefault-ltr\" data-offset-key=\"cmiio-0-0\"><span data-offset-key=\"cmiio-0-0\">Kit v\u00e1lvula de qu\u00edmicos, original, Briggs &amp; Stratton.<\/span><\/div>\n<\/div>\n<div class=\"block paragraph\" data-block=\"true\" data-editor=\"1dl7g\" data-offset-key=\"1j3dd-0-0\">\n<div class=\"public-DraftStyleDefault-block public-DraftStyleDefault-ltr\" data-offset-key=\"1j3dd-0-0\"><span data-offset-key=\"1j3dd-0-0\">El kit incluye: accesorio que permite conectar la manguera que suministra la soluci\u00f3n de limpieza qu\u00edmica, piezas de lat\u00f3n duraderos, una bola de metal, un muelle y un sello de goma.<\/span><\/div>\n<div data-offset-key=\"1j3dd-0-0\">Se vende individualmente.<\/div>\n<\/div>\n","protected":false},"featured_media":415,"comment_status":"open","ping_status":"closed","template":"","meta":[],"product_brand":[],"product_cat":[33],"product_tag":[],"class_list":{"0":"post-414","1":"product","2":"type-product","3":"status-publish","4":"has-post-thumbnail","6":"product_cat-valvulas","7":"sales-flash-overlay","8":"woocommerce-text-align-center","9":"woocommerce-image-align-center","10":"do-quantity-buttons","12":"first","13":"instock","14":"sale","15":"taxable","16":"shipping-taxable","17":"purchasable","18":"product-type-simple"},"_links":{"self":[{"href":"https:\/\/enixton.com\/refaccionesyequipos\/wp-json\/wp\/v2\/product\/414","targetHints":{"allow":["GET"]}}],"collection":[{"href":"https:\/\/enixton.com\/refaccionesyequipos\/wp-json\/wp\/v2\/product"}],"about":[{"href":"https:\/\/enixton.com\/refaccionesyequipos\/wp-json\/wp\/v2\/types\/product"}],"replies":[{"embeddable":true,"href":"https:\/\/enixton.com\/refaccionesyequipos\/wp-json\/wp\/v2\/comments?post=414"}],"version-history":[{"count":1,"href":"https:\/\/enixton.com\/refaccionesyequipos\/wp-json\/wp\/v2\/product\/414\/revisions"}],"predecessor-version":[{"id":495,"href":"https:\/\/enixton.com\/refaccionesyequipos\/wp-json\/wp\/v2\/product\/414\/revisions\/495"}],"wp:featuredmedia":[{"embeddable":true,"href":"https:\/\/enixton.com\/refaccionesyequipos\/wp-json\/wp\/v2\/media\/415"}],"wp:attachment":[{"href":"https:\/\/enixton.com\/refaccionesyequipos\/wp-json\/wp\/v2\/media?parent=414"}],"wp:term":[{"taxonomy":"product_brand","embeddable":true,"href":"https:\/\/enixton.com\/refaccionesyequipos\/wp-json\/wp\/v2\/product_brand?post=414"},{"taxonomy":"product_cat","embeddable":true,"href":"https:\/\/enixton.com\/refaccionesyequipos\/wp-json\/wp\/v2\/product_cat?post=414"},{"taxonomy":"product_tag","embeddable":true,"href":"https:\/\/enixton.com\/refaccionesyequipos\/wp-json\/wp\/v2\/product_tag?post=414"}],"curies":[{"name":"wp","href":"https:\/\/api.w.org\/{rel}","templated":true}]}}