{"id":449,"date":"2018-07-31T18:13:08","date_gmt":"2018-07-31T23:13:08","guid":{"rendered":"https:\/\/enixton.com\/refaccionesyequipos\/?post_type=product&#038;p=449"},"modified":"2019-09-03T13:14:09","modified_gmt":"2019-09-03T18:14:09","slug":"aceite-para-motor-pequeno-de-2-tiempos-272075","status":"publish","type":"product","link":"https:\/\/enixton.com\/refaccionesyequipos\/producto\/aceite-para-motor-pequeno-de-2-tiempos-272075\/","title":{"rendered":"Aceite para motor peque\u00f1o de 2 tiempos 272075"},"content":{"rendered":"","protected":false},"excerpt":{"rendered":"<div class=\"block paragraph\" data-block=\"true\" data-editor=\"7l2q1\" data-offset-key=\"1f8di-0-0\">\n<div class=\"public-DraftStyleDefault-block public-DraftStyleDefault-ltr\" data-offset-key=\"1f8di-0-0\"><span data-offset-key=\"1f8di-0-0\">Aceite para motor peque\u00f1o de 2 tiempos, original, Briggs &amp; Stratton.<\/span><\/div>\n<\/div>\n<div class=\"block paragraph\" data-block=\"true\" data-editor=\"7l2q1\" data-offset-key=\"cdkdb-0-0\">\n<div class=\"public-DraftStyleDefault-block public-DraftStyleDefault-ltr\" data-offset-key=\"cdkdb-0-0\"><span data-offset-key=\"cdkdb-0-0\">Aceite hecho sin cenizas con estabilizador de combustible. No deja residuos y evita dep\u00f3sitos en el motor, as\u00ed como suciedad en el tap\u00f3n.<\/span><\/div>\n<div class=\"public-DraftStyleDefault-block public-DraftStyleDefault-ltr\" data-offset-key=\"cdkdb-0-0\"><span data-offset-key=\"cdkdb-0-0\">8 oz. (236.5ml)<\/span><\/div>\n<\/div>\n<div class=\"block paragraph\" data-block=\"true\" data-editor=\"7l2q1\" data-offset-key=\"75kbl-0-0\">\n<div data-offset-key=\"75kbl-0-0\"><span data-offset-key=\"21dbn-0-0\">Se vende individualmente.<\/span><\/div>\n<\/div>\n","protected":false},"featured_media":450,"comment_status":"open","ping_status":"closed","template":"","meta":[],"product_brand":[],"product_cat":[41],"product_tag":[],"class_list":{"0":"post-449","1":"product","2":"type-product","3":"status-publish","4":"has-post-thumbnail","6":"product_cat-aceites-de-motor","7":"sales-flash-overlay","8":"woocommerce-text-align-center","9":"woocommerce-image-align-center","10":"do-quantity-buttons","12":"first","13":"instock","14":"sale","15":"taxable","16":"shipping-taxable","17":"purchasable","18":"product-type-simple"},"_links":{"self":[{"href":"https:\/\/enixton.com\/refaccionesyequipos\/wp-json\/wp\/v2\/product\/449","targetHints":{"allow":["GET"]}}],"collection":[{"href":"https:\/\/enixton.com\/refaccionesyequipos\/wp-json\/wp\/v2\/product"}],"about":[{"href":"https:\/\/enixton.com\/refaccionesyequipos\/wp-json\/wp\/v2\/types\/product"}],"replies":[{"embeddable":true,"href":"https:\/\/enixton.com\/refaccionesyequipos\/wp-json\/wp\/v2\/comments?post=449"}],"version-history":[{"count":0,"href":"https:\/\/enixton.com\/refaccionesyequipos\/wp-json\/wp\/v2\/product\/449\/revisions"}],"wp:featuredmedia":[{"embeddable":true,"href":"https:\/\/enixton.com\/refaccionesyequipos\/wp-json\/wp\/v2\/media\/450"}],"wp:attachment":[{"href":"https:\/\/enixton.com\/refaccionesyequipos\/wp-json\/wp\/v2\/media?parent=449"}],"wp:term":[{"taxonomy":"product_brand","embeddable":true,"href":"https:\/\/enixton.com\/refaccionesyequipos\/wp-json\/wp\/v2\/product_brand?post=449"},{"taxonomy":"product_cat","embeddable":true,"href":"https:\/\/enixton.com\/refaccionesyequipos\/wp-json\/wp\/v2\/product_cat?post=449"},{"taxonomy":"product_tag","embeddable":true,"href":"https:\/\/enixton.com\/refaccionesyequipos\/wp-json\/wp\/v2\/product_tag?post=449"}],"curies":[{"name":"wp","href":"https:\/\/api.w.org\/{rel}","templated":true}]}}