{"id":824,"date":"2018-08-08T19:45:04","date_gmt":"2018-08-09T00:45:04","guid":{"rendered":"https:\/\/enixton.com\/refaccionesyequipos\/?post_type=product&#038;p=824"},"modified":"2020-01-12T06:32:33","modified_gmt":"2020-01-12T12:32:33","slug":"filtro-de-aire-491950","status":"publish","type":"product","link":"https:\/\/enixton.com\/refaccionesyequipos\/producto\/filtro-de-aire-491950\/","title":{"rendered":"Filtro de Aire 491950"},"content":{"rendered":"","protected":false},"excerpt":{"rendered":"<div class=\"block paragraph\" data-block=\"true\" data-editor=\"78qet\" data-offset-key=\"2tb06-0-0\">\n<div class=\"public-DraftStyleDefault-block public-DraftStyleDefault-ltr\" data-offset-key=\"2tb06-0-0\"><span data-offset-key=\"2tb06-0-0\">Filtro de aire Briggs &amp; Stratton, original.<\/span><\/div>\n<\/div>\n<div class=\"block paragraph\" data-block=\"true\" data-editor=\"78qet\" data-offset-key=\"uev9-0-0\">\n<div class=\"public-DraftStyleDefault-block public-DraftStyleDefault-ltr\" data-offset-key=\"uev9-0-0\"><span data-offset-key=\"uev9-0-0\">Se vende individualmente.<\/span><\/div>\n<\/div>\n<div class=\"block paragraph\" data-block=\"true\" data-editor=\"78qet\" data-offset-key=\"fk5tv-0-0\">\n<div class=\"public-DraftStyleDefault-block public-DraftStyleDefault-ltr\" data-offset-key=\"fk5tv-0-0\"><span data-offset-key=\"fk5tv-0-0\">Ideal para motores 5.5 HP.<\/span><\/div>\n<\/div>\n<div class=\"block paragraph\" data-block=\"true\" data-editor=\"78qet\" data-offset-key=\"ndpb-0-0\">\n<div class=\"public-DraftStyleDefault-block public-DraftStyleDefault-ltr\" data-offset-key=\"ndpb-0-0\"><span data-offset-key=\"ndpb-0-0\">Requiere del prefiltro n\u00famero 272218.<\/span><\/div>\n<\/div>\n<div class=\"block paragraph\" data-block=\"true\" data-editor=\"78qet\" data-offset-key=\"2tib9-0-0\">\n<div class=\"public-DraftStyleDefault-block public-DraftStyleDefault-ltr\" data-offset-key=\"2tib9-0-0\"><span data-offset-key=\"2tib9-0-0\">Este filtro tiene como funci\u00f3n evitar el paso de part\u00edculas de polvo o suciedad que puedan afectar el rendimiento de la m\u00e1quina.<\/span><\/div>\n<\/div>\n<div class=\"block paragraph\" data-block=\"true\" data-editor=\"78qet\" data-offset-key=\"f0fk9-0-0\">\n<div class=\"public-DraftStyleDefault-block public-DraftStyleDefault-ltr\" data-offset-key=\"f0fk9-0-0\"><span data-offset-key=\"f0fk9-0-0\">Se recomienda un cambio peri\u00f3dico del filtro para mantener a la m\u00e1quina en \u00f3ptimas condiciones de uso.<\/span><\/div>\n<\/div>\n","protected":false},"featured_media":825,"comment_status":"open","ping_status":"closed","template":"","meta":[],"product_brand":[],"product_cat":[34],"product_tag":[],"class_list":{"0":"post-824","1":"product","2":"type-product","3":"status-publish","4":"has-post-thumbnail","6":"product_cat-filtros-de-aire","7":"sales-flash-overlay","8":"woocommerce-text-align-center","9":"woocommerce-image-align-center","10":"do-quantity-buttons","11":"wc-has-gallery","13":"first","14":"instock","15":"sale","16":"taxable","17":"shipping-taxable","18":"purchasable","19":"product-type-simple"},"_links":{"self":[{"href":"https:\/\/enixton.com\/refaccionesyequipos\/wp-json\/wp\/v2\/product\/824","targetHints":{"allow":["GET"]}}],"collection":[{"href":"https:\/\/enixton.com\/refaccionesyequipos\/wp-json\/wp\/v2\/product"}],"about":[{"href":"https:\/\/enixton.com\/refaccionesyequipos\/wp-json\/wp\/v2\/types\/product"}],"replies":[{"embeddable":true,"href":"https:\/\/enixton.com\/refaccionesyequipos\/wp-json\/wp\/v2\/comments?post=824"}],"version-history":[{"count":1,"href":"https:\/\/enixton.com\/refaccionesyequipos\/wp-json\/wp\/v2\/product\/824\/revisions"}],"predecessor-version":[{"id":2732,"href":"https:\/\/enixton.com\/refaccionesyequipos\/wp-json\/wp\/v2\/product\/824\/revisions\/2732"}],"wp:featuredmedia":[{"embeddable":true,"href":"https:\/\/enixton.com\/refaccionesyequipos\/wp-json\/wp\/v2\/media\/825"}],"wp:attachment":[{"href":"https:\/\/enixton.com\/refaccionesyequipos\/wp-json\/wp\/v2\/media?parent=824"}],"wp:term":[{"taxonomy":"product_brand","embeddable":true,"href":"https:\/\/enixton.com\/refaccionesyequipos\/wp-json\/wp\/v2\/product_brand?post=824"},{"taxonomy":"product_cat","embeddable":true,"href":"https:\/\/enixton.com\/refaccionesyequipos\/wp-json\/wp\/v2\/product_cat?post=824"},{"taxonomy":"product_tag","embeddable":true,"href":"https:\/\/enixton.com\/refaccionesyequipos\/wp-json\/wp\/v2\/product_tag?post=824"}],"curies":[{"name":"wp","href":"https:\/\/api.w.org\/{rel}","templated":true}]}}