{"id":827,"date":"2018-08-08T19:46:52","date_gmt":"2018-08-09T00:46:52","guid":{"rendered":"https:\/\/enixton.com\/refaccionesyequipos\/?post_type=product&#038;p=827"},"modified":"2020-01-12T06:32:28","modified_gmt":"2020-01-12T12:32:28","slug":"filtro-de-aire-691667-493910","status":"publish","type":"product","link":"https:\/\/enixton.com\/refaccionesyequipos\/producto\/filtro-de-aire-691667-493910\/","title":{"rendered":"Filtro de Aire 691667 493910"},"content":{"rendered":"","protected":false},"excerpt":{"rendered":"<div class=\"block paragraph\" data-block=\"true\" data-editor=\"an682\" data-offset-key=\"f5f0a-0-0\">\n<div class=\"public-DraftStyleDefault-block public-DraftStyleDefault-ltr\" data-offset-key=\"f5f0a-0-0\"><span data-offset-key=\"f5f0a-0-0\">Filtro de aire Briggs &amp; Stratton, original.<\/span><\/div>\n<\/div>\n<div class=\"block paragraph\" data-block=\"true\" data-editor=\"an682\" data-offset-key=\"9ee1q-0-0\">\n<div class=\"public-DraftStyleDefault-block public-DraftStyleDefault-ltr\" data-offset-key=\"9ee1q-0-0\"><span data-offset-key=\"9ee1q-0-0\">Se vende individualmente.<\/span><\/div>\n<\/div>\n<div class=\"block paragraph\" data-block=\"true\" data-editor=\"an682\" data-offset-key=\"t8c-0-0\">\n<div class=\"public-DraftStyleDefault-block public-DraftStyleDefault-ltr\" data-offset-key=\"t8c-0-0\"><span data-offset-key=\"t8c-0-0\">Ancho 2&#8243;<\/span><\/div>\n<\/div>\n<div class=\"block paragraph\" data-block=\"true\" data-editor=\"an682\" data-offset-key=\"109hk-0-0\">\n<div class=\"public-DraftStyleDefault-block public-DraftStyleDefault-ltr\" data-offset-key=\"109hk-0-0\"><span data-offset-key=\"109hk-0-0\">Longitud 7&#8243;<\/span><\/div>\n<\/div>\n<div class=\"block paragraph\" data-block=\"true\" data-editor=\"an682\" data-offset-key=\"5d4to-0-0\">\n<div class=\"public-DraftStyleDefault-block public-DraftStyleDefault-ltr\" data-offset-key=\"5d4to-0-0\"><span data-offset-key=\"5d4to-0-0\">Altura 2&#8243;<\/span><\/div>\n<\/div>\n<div class=\"block paragraph\" data-block=\"true\" data-editor=\"an682\" data-offset-key=\"1evn9-0-0\">\n<div class=\"public-DraftStyleDefault-block public-DraftStyleDefault-ltr\" data-offset-key=\"1evn9-0-0\"><span data-offset-key=\"1evn9-0-0\">Ideal para motores 8.5, 10.5 &amp; 11 HP.<\/span><\/div>\n<\/div>\n<div class=\"block paragraph\" data-block=\"true\" data-editor=\"an682\" data-offset-key=\"7u3l7-0-0\">\n<div class=\"public-DraftStyleDefault-block public-DraftStyleDefault-ltr\" data-offset-key=\"7u3l7-0-0\"><span data-offset-key=\"7u3l7-0-0\">Requiere del prefiltro 272477S.<\/span><\/div>\n<\/div>\n<div class=\"block paragraph\" data-block=\"true\" data-editor=\"an682\" data-offset-key=\"2rfgm-0-0\">\n<div class=\"public-DraftStyleDefault-block public-DraftStyleDefault-ltr\" data-offset-key=\"2rfgm-0-0\"><span data-offset-key=\"2rfgm-0-0\">Este filtro es el encargado de que el aire que entre a la m\u00e1quina est\u00e9 limpio de polvo y suciedad. <\/span><\/div>\n<\/div>\n<div class=\"block paragraph\" data-block=\"true\" data-editor=\"an682\" data-offset-key=\"e9ec8-0-0\">\n<div class=\"public-DraftStyleDefault-block public-DraftStyleDefault-ltr\" data-offset-key=\"e9ec8-0-0\"><span data-offset-key=\"e9ec8-0-0\">Para mantener la m\u00e1quina en \u00f3ptimas condiciones es recomendable cambiar peri\u00f3dicamente el filtro.<\/span><\/div>\n<\/div>\n","protected":false},"featured_media":828,"comment_status":"open","ping_status":"closed","template":"","meta":[],"product_brand":[],"product_cat":[34],"product_tag":[],"class_list":{"0":"post-827","1":"product","2":"type-product","3":"status-publish","4":"has-post-thumbnail","6":"product_cat-filtros-de-aire","7":"sales-flash-overlay","8":"woocommerce-text-align-center","9":"woocommerce-image-align-center","10":"do-quantity-buttons","11":"wc-has-gallery","13":"first","14":"instock","15":"sale","16":"taxable","17":"shipping-taxable","18":"purchasable","19":"product-type-simple"},"_links":{"self":[{"href":"https:\/\/enixton.com\/refaccionesyequipos\/wp-json\/wp\/v2\/product\/827","targetHints":{"allow":["GET"]}}],"collection":[{"href":"https:\/\/enixton.com\/refaccionesyequipos\/wp-json\/wp\/v2\/product"}],"about":[{"href":"https:\/\/enixton.com\/refaccionesyequipos\/wp-json\/wp\/v2\/types\/product"}],"replies":[{"embeddable":true,"href":"https:\/\/enixton.com\/refaccionesyequipos\/wp-json\/wp\/v2\/comments?post=827"}],"version-history":[{"count":1,"href":"https:\/\/enixton.com\/refaccionesyequipos\/wp-json\/wp\/v2\/product\/827\/revisions"}],"predecessor-version":[{"id":2731,"href":"https:\/\/enixton.com\/refaccionesyequipos\/wp-json\/wp\/v2\/product\/827\/revisions\/2731"}],"wp:featuredmedia":[{"embeddable":true,"href":"https:\/\/enixton.com\/refaccionesyequipos\/wp-json\/wp\/v2\/media\/828"}],"wp:attachment":[{"href":"https:\/\/enixton.com\/refaccionesyequipos\/wp-json\/wp\/v2\/media?parent=827"}],"wp:term":[{"taxonomy":"product_brand","embeddable":true,"href":"https:\/\/enixton.com\/refaccionesyequipos\/wp-json\/wp\/v2\/product_brand?post=827"},{"taxonomy":"product_cat","embeddable":true,"href":"https:\/\/enixton.com\/refaccionesyequipos\/wp-json\/wp\/v2\/product_cat?post=827"},{"taxonomy":"product_tag","embeddable":true,"href":"https:\/\/enixton.com\/refaccionesyequipos\/wp-json\/wp\/v2\/product_tag?post=827"}],"curies":[{"name":"wp","href":"https:\/\/api.w.org\/{rel}","templated":true}]}}