{"id":833,"date":"2018-08-08T19:50:06","date_gmt":"2018-08-09T00:50:06","guid":{"rendered":"https:\/\/enixton.com\/refaccionesyequipos\/?post_type=product&#038;p=833"},"modified":"2020-01-12T06:32:16","modified_gmt":"2020-01-12T12:32:16","slug":"filtro-de-aire-797033-30-173","status":"publish","type":"product","link":"https:\/\/enixton.com\/refaccionesyequipos\/producto\/filtro-de-aire-797033-30-173\/","title":{"rendered":"Filtro de Aire 797033 30-173"},"content":{"rendered":"","protected":false},"excerpt":{"rendered":"<div class=\"block paragraph\" data-block=\"true\" data-editor=\"bau42\" data-offset-key=\"f75qa-0-0\">\n<div class=\"public-DraftStyleDefault-block public-DraftStyleDefault-ltr\" data-offset-key=\"f75qa-0-0\"><span data-offset-key=\"f75qa-0-0\">Filtro de aire Briggs &amp; Stratton, original.<\/span><\/div>\n<\/div>\n<div class=\"block paragraph\" data-block=\"true\" data-editor=\"bau42\" data-offset-key=\"f6rs-0-0\">\n<div class=\"public-DraftStyleDefault-block public-DraftStyleDefault-ltr\" data-offset-key=\"f6rs-0-0\"><span data-offset-key=\"f6rs-0-0\">Se vende individualmente.<\/span><\/div>\n<\/div>\n<div class=\"block paragraph\" data-block=\"true\" data-editor=\"bau42\" data-offset-key=\"a6vbv-0-0\">\n<div class=\"public-DraftStyleDefault-block public-DraftStyleDefault-ltr\" data-offset-key=\"a6vbv-0-0\"><span data-offset-key=\"a6vbv-0-0\">Apto para motores de 6.5 HP.<\/span><\/div>\n<\/div>\n<div class=\"block paragraph\" data-block=\"true\" data-editor=\"bau42\" data-offset-key=\"4kn0a-0-0\">\n<div class=\"public-DraftStyleDefault-block public-DraftStyleDefault-ltr\" data-offset-key=\"4kn0a-0-0\"><span data-offset-key=\"4kn0a-0-0\">Utiliza el prefiltro 798513.<\/span><\/div>\n<\/div>\n<div class=\"block paragraph\" data-block=\"true\" data-editor=\"bau42\" data-offset-key=\"dq1b9-0-0\">\n<div class=\"public-DraftStyleDefault-block public-DraftStyleDefault-ltr\" data-offset-key=\"dq1b9-0-0\"><span data-offset-key=\"dq1b9-0-0\">El prop\u00f3sito de este filtro es evitar el paso de part\u00edculas que puedan da\u00f1ar al carburador.<\/span><\/div>\n<\/div>\n<div class=\"block paragraph\" data-block=\"true\" data-editor=\"bau42\" data-offset-key=\"b85nf-0-0\">\n<div class=\"public-DraftStyleDefault-block public-DraftStyleDefault-ltr\" data-offset-key=\"b85nf-0-0\"><span data-offset-key=\"b85nf-0-0\">Para que haya un rendimiento \u00f3ptimo se recomienda reemplazar el filtro peri\u00f3dicamente.<\/span><\/div>\n<\/div>\n","protected":false},"featured_media":834,"comment_status":"open","ping_status":"closed","template":"","meta":[],"product_brand":[],"product_cat":[34],"product_tag":[],"class_list":{"0":"post-833","1":"product","2":"type-product","3":"status-publish","4":"has-post-thumbnail","6":"product_cat-filtros-de-aire","7":"sales-flash-overlay","8":"woocommerce-text-align-center","9":"woocommerce-image-align-center","10":"do-quantity-buttons","11":"wc-has-gallery","13":"first","14":"instock","15":"sale","16":"taxable","17":"shipping-taxable","18":"purchasable","19":"product-type-simple"},"_links":{"self":[{"href":"https:\/\/enixton.com\/refaccionesyequipos\/wp-json\/wp\/v2\/product\/833","targetHints":{"allow":["GET"]}}],"collection":[{"href":"https:\/\/enixton.com\/refaccionesyequipos\/wp-json\/wp\/v2\/product"}],"about":[{"href":"https:\/\/enixton.com\/refaccionesyequipos\/wp-json\/wp\/v2\/types\/product"}],"replies":[{"embeddable":true,"href":"https:\/\/enixton.com\/refaccionesyequipos\/wp-json\/wp\/v2\/comments?post=833"}],"version-history":[{"count":1,"href":"https:\/\/enixton.com\/refaccionesyequipos\/wp-json\/wp\/v2\/product\/833\/revisions"}],"predecessor-version":[{"id":2729,"href":"https:\/\/enixton.com\/refaccionesyequipos\/wp-json\/wp\/v2\/product\/833\/revisions\/2729"}],"wp:featuredmedia":[{"embeddable":true,"href":"https:\/\/enixton.com\/refaccionesyequipos\/wp-json\/wp\/v2\/media\/834"}],"wp:attachment":[{"href":"https:\/\/enixton.com\/refaccionesyequipos\/wp-json\/wp\/v2\/media?parent=833"}],"wp:term":[{"taxonomy":"product_brand","embeddable":true,"href":"https:\/\/enixton.com\/refaccionesyequipos\/wp-json\/wp\/v2\/product_brand?post=833"},{"taxonomy":"product_cat","embeddable":true,"href":"https:\/\/enixton.com\/refaccionesyequipos\/wp-json\/wp\/v2\/product_cat?post=833"},{"taxonomy":"product_tag","embeddable":true,"href":"https:\/\/enixton.com\/refaccionesyequipos\/wp-json\/wp\/v2\/product_tag?post=833"}],"curies":[{"name":"wp","href":"https:\/\/api.w.org\/{rel}","templated":true}]}}