{"id":947,"date":"2018-08-10T13:16:06","date_gmt":"2018-08-10T18:16:06","guid":{"rendered":"https:\/\/enixton.com\/refaccionesyequipos\/?post_type=product&#038;p=947"},"modified":"2020-01-12T06:26:29","modified_gmt":"2020-01-12T12:26:29","slug":"filtro-de-aire-593260-5432-795482","status":"publish","type":"product","link":"https:\/\/enixton.com\/refaccionesyequipos\/producto\/filtro-de-aire-593260-5432-795482\/","title":{"rendered":"Filtro de Aire 593260 5432 795482"},"content":{"rendered":"","protected":false},"excerpt":{"rendered":"<div class=\"block paragraph\" data-block=\"true\" data-editor=\"13fq4\" data-offset-key=\"benc5-0-0\">\n<div class=\"public-DraftStyleDefault-block public-DraftStyleDefault-ltr\" data-offset-key=\"benc5-0-0\"><span data-offset-key=\"benc5-0-0\">Filtro de aire Briggs &amp; Stratton, original.<\/span><\/div>\n<\/div>\n<div class=\"block paragraph\" data-block=\"true\" data-editor=\"13fq4\" data-offset-key=\"b24l2-0-0\">\n<div class=\"public-DraftStyleDefault-block public-DraftStyleDefault-ltr\" data-offset-key=\"b24l2-0-0\"><span data-offset-key=\"b24l2-0-0\">Se vende individualmente.<\/span><\/div>\n<\/div>\n<div class=\"block paragraph\" data-block=\"true\" data-editor=\"13fq4\" data-offset-key=\"5nnup-0-0\">\n<div class=\"public-DraftStyleDefault-block public-DraftStyleDefault-ltr\" data-offset-key=\"5nnup-0-0\"><span data-offset-key=\"5nnup-0-0\">Ancho 2&#8243;<\/span><\/div>\n<\/div>\n<div class=\"block paragraph\" data-block=\"true\" data-editor=\"13fq4\" data-offset-key=\"2tlt9-0-0\">\n<div class=\"public-DraftStyleDefault-block public-DraftStyleDefault-ltr\" data-offset-key=\"2tlt9-0-0\"><span data-offset-key=\"2tlt9-0-0\">Longitud 4&#8243;<\/span><\/div>\n<\/div>\n<div class=\"block paragraph\" data-block=\"true\" data-editor=\"13fq4\" data-offset-key=\"djto6-0-0\">\n<div class=\"public-DraftStyleDefault-block public-DraftStyleDefault-ltr\" data-offset-key=\"djto6-0-0\"><span data-offset-key=\"djto6-0-0\">Altura 1&#8243;<\/span><\/div>\n<\/div>\n<div class=\"block paragraph\" data-block=\"true\" data-editor=\"13fq4\" data-offset-key=\"b4gnp-0-0\">\n<div class=\"public-DraftStyleDefault-block public-DraftStyleDefault-ltr\" data-offset-key=\"b4gnp-0-0\"><span data-offset-key=\"b4gnp-0-0\">Se utiliza en motores 500e, 550ex, 6.25ex, 6.75exi &amp; 7.25exi Series.<\/span><\/div>\n<\/div>\n<div class=\"block paragraph\" data-block=\"true\" data-editor=\"13fq4\" data-offset-key=\"64pqp-0-0\">\n<div class=\"public-DraftStyleDefault-block public-DraftStyleDefault-ltr\" data-offset-key=\"64pqp-0-0\"><span data-offset-key=\"64pqp-0-0\">Este filtro se encarga de limpiar el aire de part\u00edculas de polvo o suciedad que puedan adentrarse en el carburador.<\/span><\/div>\n<\/div>\n<div class=\"block paragraph\" data-block=\"true\" data-editor=\"13fq4\" data-offset-key=\"7kg29-0-0\">\n<div class=\"public-DraftStyleDefault-block public-DraftStyleDefault-ltr\" data-offset-key=\"7kg29-0-0\"><span data-offset-key=\"7kg29-0-0\">Para que la m\u00e1quina se mantenga en \u00f3ptimas condiciones es necesario cambiar peri\u00f3dicamente el filtro.<\/span><\/div>\n<\/div>\n","protected":false},"featured_media":948,"comment_status":"open","ping_status":"closed","template":"","meta":[],"product_brand":[],"product_cat":[34],"product_tag":[],"class_list":{"0":"post-947","1":"product","2":"type-product","3":"status-publish","4":"has-post-thumbnail","6":"product_cat-filtros-de-aire","7":"sales-flash-overlay","8":"woocommerce-text-align-center","9":"woocommerce-image-align-center","10":"do-quantity-buttons","11":"wc-has-gallery","13":"first","14":"instock","15":"sale","16":"taxable","17":"shipping-taxable","18":"purchasable","19":"product-type-simple"},"_links":{"self":[{"href":"https:\/\/enixton.com\/refaccionesyequipos\/wp-json\/wp\/v2\/product\/947","targetHints":{"allow":["GET"]}}],"collection":[{"href":"https:\/\/enixton.com\/refaccionesyequipos\/wp-json\/wp\/v2\/product"}],"about":[{"href":"https:\/\/enixton.com\/refaccionesyequipos\/wp-json\/wp\/v2\/types\/product"}],"replies":[{"embeddable":true,"href":"https:\/\/enixton.com\/refaccionesyequipos\/wp-json\/wp\/v2\/comments?post=947"}],"version-history":[{"count":1,"href":"https:\/\/enixton.com\/refaccionesyequipos\/wp-json\/wp\/v2\/product\/947\/revisions"}],"predecessor-version":[{"id":2691,"href":"https:\/\/enixton.com\/refaccionesyequipos\/wp-json\/wp\/v2\/product\/947\/revisions\/2691"}],"wp:featuredmedia":[{"embeddable":true,"href":"https:\/\/enixton.com\/refaccionesyequipos\/wp-json\/wp\/v2\/media\/948"}],"wp:attachment":[{"href":"https:\/\/enixton.com\/refaccionesyequipos\/wp-json\/wp\/v2\/media?parent=947"}],"wp:term":[{"taxonomy":"product_brand","embeddable":true,"href":"https:\/\/enixton.com\/refaccionesyequipos\/wp-json\/wp\/v2\/product_brand?post=947"},{"taxonomy":"product_cat","embeddable":true,"href":"https:\/\/enixton.com\/refaccionesyequipos\/wp-json\/wp\/v2\/product_cat?post=947"},{"taxonomy":"product_tag","embeddable":true,"href":"https:\/\/enixton.com\/refaccionesyequipos\/wp-json\/wp\/v2\/product_tag?post=947"}],"curies":[{"name":"wp","href":"https:\/\/api.w.org\/{rel}","templated":true}]}}