{"id":986,"date":"2018-08-10T13:52:31","date_gmt":"2018-08-10T18:52:31","guid":{"rendered":"https:\/\/enixton.com\/refaccionesyequipos\/?post_type=product&#038;p=986"},"modified":"2020-01-12T06:24:47","modified_gmt":"2020-01-12T12:24:47","slug":"filtro-de-aire-799579-5334","status":"publish","type":"product","link":"https:\/\/enixton.com\/refaccionesyequipos\/producto\/filtro-de-aire-799579-5334\/","title":{"rendered":"Filtro de Aire 799579 5334"},"content":{"rendered":"","protected":false},"excerpt":{"rendered":"<div class=\"block paragraph\" data-block=\"true\" data-editor=\"e2hsl\" data-offset-key=\"7j5tm-0-0\">\n<div class=\"public-DraftStyleDefault-block public-DraftStyleDefault-ltr\" data-offset-key=\"7j5tm-0-0\"><span data-offset-key=\"7j5tm-0-0\">Filtro de aire Briggs &amp; Stratton, original.<\/span><\/div>\n<\/div>\n<div class=\"block paragraph\" data-block=\"true\" data-editor=\"e2hsl\" data-offset-key=\"effku-0-0\">\n<div class=\"public-DraftStyleDefault-block public-DraftStyleDefault-ltr\" data-offset-key=\"effku-0-0\"><span data-offset-key=\"effku-0-0\">Se vende individualmente.<\/span><\/div>\n<\/div>\n<div class=\"block paragraph\" data-block=\"true\" data-editor=\"e2hsl\" data-offset-key=\"eguk0-0-0\">\n<div class=\"public-DraftStyleDefault-block public-DraftStyleDefault-ltr\" data-offset-key=\"eguk0-0-0\"><span data-offset-key=\"eguk0-0-0\">Ancho 3&#8243;<\/span><\/div>\n<\/div>\n<div class=\"block paragraph\" data-block=\"true\" data-editor=\"e2hsl\" data-offset-key=\"mbeo-0-0\">\n<div class=\"public-DraftStyleDefault-block public-DraftStyleDefault-ltr\" data-offset-key=\"mbeo-0-0\"><span data-offset-key=\"mbeo-0-0\">Longitud 4&#8243;<\/span><\/div>\n<\/div>\n<div class=\"block paragraph\" data-block=\"true\" data-editor=\"e2hsl\" data-offset-key=\"7s457-0-0\">\n<div class=\"public-DraftStyleDefault-block public-DraftStyleDefault-ltr\" data-offset-key=\"7s457-0-0\"><span data-offset-key=\"7s457-0-0\">Altura 7\/8&#8243;<\/span><\/div>\n<\/div>\n<div class=\"block paragraph\" data-block=\"true\" data-editor=\"e2hsl\" data-offset-key=\"8kd6g-0-0\">\n<div class=\"public-DraftStyleDefault-block public-DraftStyleDefault-ltr\" data-offset-key=\"8kd6g-0-0\"><span data-offset-key=\"8kd6g-0-0\">Este filtro se utiliza en motores 450e-500e Series.<\/span><\/div>\n<\/div>\n<div class=\"block paragraph\" data-block=\"true\" data-editor=\"e2hsl\" data-offset-key=\"evvpt-0-0\">\n<div class=\"public-DraftStyleDefault-block public-DraftStyleDefault-ltr\" data-offset-key=\"evvpt-0-0\"><span data-offset-key=\"evvpt-0-0\">El prop\u00f3sito de este filtro es eliminar el polvo y suciedad que puedan entrar al carburador. Se recomienda cambiarlo peri\u00f3dicamente para que el motor se mantenga en \u00f3ptimas condiciones.<\/span><\/div>\n<\/div>\n","protected":false},"featured_media":987,"comment_status":"open","ping_status":"closed","template":"","meta":[],"product_brand":[],"product_cat":[34],"product_tag":[],"class_list":{"0":"post-986","1":"product","2":"type-product","3":"status-publish","4":"has-post-thumbnail","6":"product_cat-filtros-de-aire","7":"sales-flash-overlay","8":"woocommerce-text-align-center","9":"woocommerce-image-align-center","10":"do-quantity-buttons","11":"wc-has-gallery","13":"first","14":"instock","15":"taxable","16":"shipping-taxable","17":"purchasable","18":"product-type-simple"},"_links":{"self":[{"href":"https:\/\/enixton.com\/refaccionesyequipos\/wp-json\/wp\/v2\/product\/986","targetHints":{"allow":["GET"]}}],"collection":[{"href":"https:\/\/enixton.com\/refaccionesyequipos\/wp-json\/wp\/v2\/product"}],"about":[{"href":"https:\/\/enixton.com\/refaccionesyequipos\/wp-json\/wp\/v2\/types\/product"}],"replies":[{"embeddable":true,"href":"https:\/\/enixton.com\/refaccionesyequipos\/wp-json\/wp\/v2\/comments?post=986"}],"version-history":[{"count":1,"href":"https:\/\/enixton.com\/refaccionesyequipos\/wp-json\/wp\/v2\/product\/986\/revisions"}],"predecessor-version":[{"id":2678,"href":"https:\/\/enixton.com\/refaccionesyequipos\/wp-json\/wp\/v2\/product\/986\/revisions\/2678"}],"wp:featuredmedia":[{"embeddable":true,"href":"https:\/\/enixton.com\/refaccionesyequipos\/wp-json\/wp\/v2\/media\/987"}],"wp:attachment":[{"href":"https:\/\/enixton.com\/refaccionesyequipos\/wp-json\/wp\/v2\/media?parent=986"}],"wp:term":[{"taxonomy":"product_brand","embeddable":true,"href":"https:\/\/enixton.com\/refaccionesyequipos\/wp-json\/wp\/v2\/product_brand?post=986"},{"taxonomy":"product_cat","embeddable":true,"href":"https:\/\/enixton.com\/refaccionesyequipos\/wp-json\/wp\/v2\/product_cat?post=986"},{"taxonomy":"product_tag","embeddable":true,"href":"https:\/\/enixton.com\/refaccionesyequipos\/wp-json\/wp\/v2\/product_tag?post=986"}],"curies":[{"name":"wp","href":"https:\/\/api.w.org\/{rel}","templated":true}]}}